{"id":3387,"date":"2025-09-18T11:37:52","date_gmt":"2025-09-18T15:37:52","guid":{"rendered":"https:\/\/cordking.ca\/product\/fire-pit\/"},"modified":"2025-09-25T16:28:07","modified_gmt":"2025-09-25T20:28:07","slug":"fire-pit","status":"publish","type":"product","link":"https:\/\/cordking.ca\/fr\/produit\/fire-pit\/","title":{"rendered":"Foyer"},"content":{"rendered":"<p>Les feux de jardin devraient \u00eatre relaxants, et non un probl\u00e8me. C&rsquo;est pourquoi le foyer Cord King est con\u00e7u pour r\u00e9soudre les probl\u00e8mes les plus courants rencontr\u00e9s par les propri\u00e9taires souhaitant profiter d&rsquo;un feu en plein air. Que vous en ayez assez des foyers qui tombent en panne apr\u00e8s une saison ou que vous recherchiez simplement une solution plus propre et plus simple pour profiter de vos feux de jardin, Cord King vous propose une solution aussi pratique que puissante.<\/p>\n","protected":false},"excerpt":{"rendered":"<p>Les feux de jardin devraient \u00eatre relaxants, et non un probl\u00e8me. C&rsquo;est pourquoi le foyer Cord King est con\u00e7u pour r\u00e9soudre les probl\u00e8mes les plus courants rencontr\u00e9s par les propri\u00e9taires souhaitant profiter d&rsquo;un feu en plein air. Que vous en ayez assez des [&hellip;]<\/p>\n","protected":false},"featured_media":0,"comment_status":"closed","ping_status":"closed","template":"","meta":{"_acf_changed":false},"product_brand":[],"product_cat":[127],"product_tag":[],"product-category":[22],"class_list":{"0":"post-3387","1":"product","2":"type-product","3":"status-publish","5":"product_cat-uncategorized-fr","6":"product-category-accessoires-fendeuse-bois-chauffage","8":"first","9":"instock","10":"taxable","11":"shipping-taxable","12":"product-type-simple"},"acf":[],"yoast_head":"<!-- This site is optimized with the Yoast SEO plugin v27.3 - https:\/\/yoast.com\/product\/yoast-seo-wordpress\/ -->\n<title>Foyer - Cord King<\/title>\n<meta name=\"robots\" content=\"index, follow, max-snippet:-1, max-image-preview:large, max-video-preview:-1\" \/>\n<link rel=\"canonical\" href=\"https:\/\/cordking.ca\/fr\/produit\/fire-pit\/\" \/>\n<meta property=\"og:locale\" content=\"fr_CA\" \/>\n<meta property=\"og:type\" content=\"article\" \/>\n<meta property=\"og:title\" content=\"Foyer - Cord King\" \/>\n<meta property=\"og:description\" content=\"Les feux de jardin devraient \u00eatre relaxants, et non un probl\u00e8me. C&rsquo;est pourquoi le foyer Cord King est con\u00e7u pour r\u00e9soudre les probl\u00e8mes les plus courants rencontr\u00e9s par les propri\u00e9taires souhaitant profiter d&rsquo;un feu en plein air. Que vous en ayez assez des [&hellip;]\" \/>\n<meta property=\"og:url\" content=\"https:\/\/cordking.ca\/fr\/produit\/fire-pit\/\" \/>\n<meta property=\"og:site_name\" content=\"Cord King\" \/>\n<meta property=\"article:publisher\" content=\"https:\/\/www.facebook.com\/Cord-King-Canada-1842609599315117\/\" \/>\n<meta property=\"article:modified_time\" content=\"2025-09-25T20:28:07+00:00\" \/>\n<meta name=\"twitter:card\" content=\"summary_large_image\" \/>\n<meta name=\"twitter:label1\" content=\"Estimation du temps de lecture\" \/>\n\t<meta name=\"twitter:data1\" content=\"1 minute\" \/>\n<script type=\"application\/ld+json\" class=\"yoast-schema-graph\">{\"@context\":\"https:\\\/\\\/schema.org\",\"@graph\":[{\"@type\":\"WebPage\",\"@id\":\"https:\\\/\\\/cordking.ca\\\/fr\\\/produit\\\/fire-pit\\\/\",\"url\":\"https:\\\/\\\/cordking.ca\\\/fr\\\/produit\\\/fire-pit\\\/\",\"name\":\"Foyer - Cord King\",\"isPartOf\":{\"@id\":\"https:\\\/\\\/cordking.ca\\\/#website\"},\"datePublished\":\"2025-09-18T15:37:52+00:00\",\"dateModified\":\"2025-09-25T20:28:07+00:00\",\"breadcrumb\":{\"@id\":\"https:\\\/\\\/cordking.ca\\\/fr\\\/produit\\\/fire-pit\\\/#breadcrumb\"},\"inLanguage\":\"fr-CA\",\"potentialAction\":[{\"@type\":\"ReadAction\",\"target\":[\"https:\\\/\\\/cordking.ca\\\/fr\\\/produit\\\/fire-pit\\\/\"]}]},{\"@type\":\"BreadcrumbList\",\"@id\":\"https:\\\/\\\/cordking.ca\\\/fr\\\/produit\\\/fire-pit\\\/#breadcrumb\",\"itemListElement\":[{\"@type\":\"ListItem\",\"position\":1,\"name\":\"Home\",\"item\":\"https:\\\/\\\/cordking.ca\\\/fr\\\/\"},{\"@type\":\"ListItem\",\"position\":2,\"name\":\"Foyer\"}]},{\"@type\":\"WebSite\",\"@id\":\"https:\\\/\\\/cordking.ca\\\/#website\",\"url\":\"https:\\\/\\\/cordking.ca\\\/\",\"name\":\"Cord King\",\"description\":\"\",\"potentialAction\":[{\"@type\":\"SearchAction\",\"target\":{\"@type\":\"EntryPoint\",\"urlTemplate\":\"https:\\\/\\\/cordking.ca\\\/?s={search_term_string}\"},\"query-input\":{\"@type\":\"PropertyValueSpecification\",\"valueRequired\":true,\"valueName\":\"search_term_string\"}}],\"inLanguage\":\"fr-CA\"}]}<\/script>\n<!-- \/ Yoast SEO plugin. -->","yoast_head_json":{"title":"Foyer - Cord King","robots":{"index":"index","follow":"follow","max-snippet":"max-snippet:-1","max-image-preview":"max-image-preview:large","max-video-preview":"max-video-preview:-1"},"canonical":"https:\/\/cordking.ca\/fr\/produit\/fire-pit\/","og_locale":"fr_CA","og_type":"article","og_title":"Foyer - Cord King","og_description":"Les feux de jardin devraient \u00eatre relaxants, et non un probl\u00e8me. C&rsquo;est pourquoi le foyer Cord King est con\u00e7u pour r\u00e9soudre les probl\u00e8mes les plus courants rencontr\u00e9s par les propri\u00e9taires souhaitant profiter d&rsquo;un feu en plein air. Que vous en ayez assez des [&hellip;]","og_url":"https:\/\/cordking.ca\/fr\/produit\/fire-pit\/","og_site_name":"Cord King","article_publisher":"https:\/\/www.facebook.com\/Cord-King-Canada-1842609599315117\/","article_modified_time":"2025-09-25T20:28:07+00:00","twitter_card":"summary_large_image","twitter_misc":{"Estimation du temps de lecture":"1 minute"},"schema":{"@context":"https:\/\/schema.org","@graph":[{"@type":"WebPage","@id":"https:\/\/cordking.ca\/fr\/produit\/fire-pit\/","url":"https:\/\/cordking.ca\/fr\/produit\/fire-pit\/","name":"Foyer - Cord King","isPartOf":{"@id":"https:\/\/cordking.ca\/#website"},"datePublished":"2025-09-18T15:37:52+00:00","dateModified":"2025-09-25T20:28:07+00:00","breadcrumb":{"@id":"https:\/\/cordking.ca\/fr\/produit\/fire-pit\/#breadcrumb"},"inLanguage":"fr-CA","potentialAction":[{"@type":"ReadAction","target":["https:\/\/cordking.ca\/fr\/produit\/fire-pit\/"]}]},{"@type":"BreadcrumbList","@id":"https:\/\/cordking.ca\/fr\/produit\/fire-pit\/#breadcrumb","itemListElement":[{"@type":"ListItem","position":1,"name":"Home","item":"https:\/\/cordking.ca\/fr\/"},{"@type":"ListItem","position":2,"name":"Foyer"}]},{"@type":"WebSite","@id":"https:\/\/cordking.ca\/#website","url":"https:\/\/cordking.ca\/","name":"Cord King","description":"","potentialAction":[{"@type":"SearchAction","target":{"@type":"EntryPoint","urlTemplate":"https:\/\/cordking.ca\/?s={search_term_string}"},"query-input":{"@type":"PropertyValueSpecification","valueRequired":true,"valueName":"search_term_string"}}],"inLanguage":"fr-CA"}]}},"_links":{"self":[{"href":"https:\/\/cordking.ca\/fr\/wp-json\/wp\/v2\/product\/3387","targetHints":{"allow":["GET"]}}],"collection":[{"href":"https:\/\/cordking.ca\/fr\/wp-json\/wp\/v2\/product"}],"about":[{"href":"https:\/\/cordking.ca\/fr\/wp-json\/wp\/v2\/types\/product"}],"replies":[{"embeddable":true,"href":"https:\/\/cordking.ca\/fr\/wp-json\/wp\/v2\/comments?post=3387"}],"wp:attachment":[{"href":"https:\/\/cordking.ca\/fr\/wp-json\/wp\/v2\/media?parent=3387"}],"wp:term":[{"taxonomy":"product_brand","embeddable":true,"href":"https:\/\/cordking.ca\/fr\/wp-json\/wp\/v2\/product_brand?post=3387"},{"taxonomy":"product_cat","embeddable":true,"href":"https:\/\/cordking.ca\/fr\/wp-json\/wp\/v2\/product_cat?post=3387"},{"taxonomy":"product_tag","embeddable":true,"href":"https:\/\/cordking.ca\/fr\/wp-json\/wp\/v2\/product_tag?post=3387"},{"taxonomy":"product-category","embeddable":true,"href":"https:\/\/cordking.ca\/fr\/wp-json\/wp\/v2\/product-category?post=3387"}],"curies":[{"name":"wp","href":"https:\/\/api.w.org\/{rel}","templated":true}]}}