{"id":1085,"date":"2016-12-07T12:31:31","date_gmt":"2016-12-07T17:31:31","guid":{"rendered":"https:\/\/cordking.ca\/product\/cord-king-monster-splitter\/"},"modified":"2025-07-24T12:15:20","modified_gmt":"2025-07-24T16:15:20","slug":"cord-king-monster-splitter-old","status":"publish","type":"product","link":"https:\/\/cordking.ca\/fr\/produit\/cord-king-monster-splitter-old\/","title":{"rendered":"S\u00e9parateur de monstre"},"content":{"rendered":"<p>Pour les plus grandes b\u00fbches, le \u00abMonster Splitter\u00bb coupe facilement des billes de jusqu\u2019\u00e0 84 pouces de diam\u00e8tre et 16 pieds de long en pi\u00e8ces plus g\u00e9rables.<\/p>\n","protected":false},"excerpt":{"rendered":"<p>Pour les plus grandes b\u00fbches, le \u00abMonster Splitter\u00bb coupe facilement des billes de jusqu\u2019\u00e0 84 pouces de diam\u00e8tre et 16 pieds de long en pi\u00e8ces plus g\u00e9rables.<\/p>\n","protected":false},"featured_media":1288,"comment_status":"closed","ping_status":"closed","template":"","meta":{"_acf_changed":false},"product_brand":[],"product_cat":[127],"product_tag":[],"product-category":[22,30],"class_list":{"0":"post-1085","1":"product","2":"type-product","3":"status-publish","4":"has-post-thumbnail","6":"product_cat-uncategorized-fr","7":"product-category-accessoires-fendeuse-bois-chauffage","8":"product-category-monster-splitter","10":"first","11":"instock","12":"taxable","13":"shipping-taxable","14":"product-type-simple"},"acf":[],"yoast_head":"<!-- This site is optimized with the Yoast SEO plugin v27.3 - https:\/\/yoast.com\/product\/yoast-seo-wordpress\/ -->\n<title>S\u00e9parateur de monstre - Cord King<\/title>\n<meta name=\"robots\" content=\"index, follow, max-snippet:-1, max-image-preview:large, max-video-preview:-1\" \/>\n<link rel=\"canonical\" href=\"https:\/\/cordking.ca\/fr\/produit\/cord-king-monster-splitter-old\/\" \/>\n<meta property=\"og:locale\" content=\"fr_CA\" \/>\n<meta property=\"og:type\" content=\"article\" \/>\n<meta property=\"og:title\" content=\"S\u00e9parateur de monstre - Cord King\" \/>\n<meta property=\"og:description\" content=\"Pour les plus grandes b\u00fbches, le \u00abMonster Splitter\u00bb coupe facilement des billes de jusqu\u2019\u00e0 84 pouces de diam\u00e8tre et 16 pieds de long en pi\u00e8ces plus g\u00e9rables.\" \/>\n<meta property=\"og:url\" content=\"https:\/\/cordking.ca\/fr\/produit\/cord-king-monster-splitter-old\/\" \/>\n<meta property=\"og:site_name\" content=\"Cord King\" \/>\n<meta property=\"article:publisher\" content=\"https:\/\/www.facebook.com\/Cord-King-Canada-1842609599315117\/\" \/>\n<meta property=\"article:modified_time\" content=\"2025-07-24T16:15:20+00:00\" \/>\n<meta property=\"og:image\" content=\"https:\/\/impekacdn.s3.us-east-2.amazonaws.com\/cordking.ca\/wp-content\/uploads\/2016\/12\/05000235\/cord-king-monster-splitter-001.jpeg\" \/>\n\t<meta property=\"og:image:width\" content=\"800\" \/>\n\t<meta property=\"og:image:height\" content=\"533\" \/>\n\t<meta property=\"og:image:type\" content=\"image\/jpeg\" \/>\n<meta name=\"twitter:card\" content=\"summary_large_image\" \/>\n<meta name=\"twitter:label1\" content=\"Estimation du temps de lecture\" \/>\n\t<meta name=\"twitter:data1\" content=\"1 minute\" \/>\n<script type=\"application\/ld+json\" class=\"yoast-schema-graph\">{\"@context\":\"https:\\\/\\\/schema.org\",\"@graph\":[{\"@type\":\"WebPage\",\"@id\":\"https:\\\/\\\/cordking.ca\\\/fr\\\/produit\\\/cord-king-monster-splitter-old\\\/\",\"url\":\"https:\\\/\\\/cordking.ca\\\/fr\\\/produit\\\/cord-king-monster-splitter-old\\\/\",\"name\":\"S\u00e9parateur de monstre - Cord King\",\"isPartOf\":{\"@id\":\"https:\\\/\\\/cordking.ca\\\/#website\"},\"primaryImageOfPage\":{\"@id\":\"https:\\\/\\\/cordking.ca\\\/fr\\\/produit\\\/cord-king-monster-splitter-old\\\/#primaryimage\"},\"image\":{\"@id\":\"https:\\\/\\\/cordking.ca\\\/fr\\\/produit\\\/cord-king-monster-splitter-old\\\/#primaryimage\"},\"thumbnailUrl\":\"https:\\\/\\\/impekacdn.s3.us-east-2.amazonaws.com\\\/cordking.ca\\\/wp-content\\\/uploads\\\/2016\\\/12\\\/05000235\\\/cord-king-monster-splitter-001.jpeg\",\"datePublished\":\"2016-12-07T17:31:31+00:00\",\"dateModified\":\"2025-07-24T16:15:20+00:00\",\"breadcrumb\":{\"@id\":\"https:\\\/\\\/cordking.ca\\\/fr\\\/produit\\\/cord-king-monster-splitter-old\\\/#breadcrumb\"},\"inLanguage\":\"fr-CA\",\"potentialAction\":[{\"@type\":\"ReadAction\",\"target\":[\"https:\\\/\\\/cordking.ca\\\/fr\\\/produit\\\/cord-king-monster-splitter-old\\\/\"]}]},{\"@type\":\"ImageObject\",\"inLanguage\":\"fr-CA\",\"@id\":\"https:\\\/\\\/cordking.ca\\\/fr\\\/produit\\\/cord-king-monster-splitter-old\\\/#primaryimage\",\"url\":\"https:\\\/\\\/impekacdn.s3.us-east-2.amazonaws.com\\\/cordking.ca\\\/wp-content\\\/uploads\\\/2016\\\/12\\\/05000235\\\/cord-king-monster-splitter-001.jpeg\",\"contentUrl\":\"https:\\\/\\\/impekacdn.s3.us-east-2.amazonaws.com\\\/cordking.ca\\\/wp-content\\\/uploads\\\/2016\\\/12\\\/05000235\\\/cord-king-monster-splitter-001.jpeg\",\"width\":800,\"height\":533},{\"@type\":\"BreadcrumbList\",\"@id\":\"https:\\\/\\\/cordking.ca\\\/fr\\\/produit\\\/cord-king-monster-splitter-old\\\/#breadcrumb\",\"itemListElement\":[{\"@type\":\"ListItem\",\"position\":1,\"name\":\"Home\",\"item\":\"https:\\\/\\\/cordking.ca\\\/fr\\\/\"},{\"@type\":\"ListItem\",\"position\":2,\"name\":\"S\u00e9parateur de monstre\"}]},{\"@type\":\"WebSite\",\"@id\":\"https:\\\/\\\/cordking.ca\\\/#website\",\"url\":\"https:\\\/\\\/cordking.ca\\\/\",\"name\":\"Cord King\",\"description\":\"\",\"potentialAction\":[{\"@type\":\"SearchAction\",\"target\":{\"@type\":\"EntryPoint\",\"urlTemplate\":\"https:\\\/\\\/cordking.ca\\\/?s={search_term_string}\"},\"query-input\":{\"@type\":\"PropertyValueSpecification\",\"valueRequired\":true,\"valueName\":\"search_term_string\"}}],\"inLanguage\":\"fr-CA\"}]}<\/script>\n<!-- \/ Yoast SEO plugin. -->","yoast_head_json":{"title":"S\u00e9parateur de monstre - Cord King","robots":{"index":"index","follow":"follow","max-snippet":"max-snippet:-1","max-image-preview":"max-image-preview:large","max-video-preview":"max-video-preview:-1"},"canonical":"https:\/\/cordking.ca\/fr\/produit\/cord-king-monster-splitter-old\/","og_locale":"fr_CA","og_type":"article","og_title":"S\u00e9parateur de monstre - Cord King","og_description":"Pour les plus grandes b\u00fbches, le \u00abMonster Splitter\u00bb coupe facilement des billes de jusqu\u2019\u00e0 84 pouces de diam\u00e8tre et 16 pieds de long en pi\u00e8ces plus g\u00e9rables.","og_url":"https:\/\/cordking.ca\/fr\/produit\/cord-king-monster-splitter-old\/","og_site_name":"Cord King","article_publisher":"https:\/\/www.facebook.com\/Cord-King-Canada-1842609599315117\/","article_modified_time":"2025-07-24T16:15:20+00:00","og_image":[{"width":800,"height":533,"url":"https:\/\/impekacdn.s3.us-east-2.amazonaws.com\/cordking.ca\/wp-content\/uploads\/2016\/12\/05000235\/cord-king-monster-splitter-001.jpeg","type":"image\/jpeg"}],"twitter_card":"summary_large_image","twitter_misc":{"Estimation du temps de lecture":"1 minute"},"schema":{"@context":"https:\/\/schema.org","@graph":[{"@type":"WebPage","@id":"https:\/\/cordking.ca\/fr\/produit\/cord-king-monster-splitter-old\/","url":"https:\/\/cordking.ca\/fr\/produit\/cord-king-monster-splitter-old\/","name":"S\u00e9parateur de monstre - Cord King","isPartOf":{"@id":"https:\/\/cordking.ca\/#website"},"primaryImageOfPage":{"@id":"https:\/\/cordking.ca\/fr\/produit\/cord-king-monster-splitter-old\/#primaryimage"},"image":{"@id":"https:\/\/cordking.ca\/fr\/produit\/cord-king-monster-splitter-old\/#primaryimage"},"thumbnailUrl":"https:\/\/impekacdn.s3.us-east-2.amazonaws.com\/cordking.ca\/wp-content\/uploads\/2016\/12\/05000235\/cord-king-monster-splitter-001.jpeg","datePublished":"2016-12-07T17:31:31+00:00","dateModified":"2025-07-24T16:15:20+00:00","breadcrumb":{"@id":"https:\/\/cordking.ca\/fr\/produit\/cord-king-monster-splitter-old\/#breadcrumb"},"inLanguage":"fr-CA","potentialAction":[{"@type":"ReadAction","target":["https:\/\/cordking.ca\/fr\/produit\/cord-king-monster-splitter-old\/"]}]},{"@type":"ImageObject","inLanguage":"fr-CA","@id":"https:\/\/cordking.ca\/fr\/produit\/cord-king-monster-splitter-old\/#primaryimage","url":"https:\/\/impekacdn.s3.us-east-2.amazonaws.com\/cordking.ca\/wp-content\/uploads\/2016\/12\/05000235\/cord-king-monster-splitter-001.jpeg","contentUrl":"https:\/\/impekacdn.s3.us-east-2.amazonaws.com\/cordking.ca\/wp-content\/uploads\/2016\/12\/05000235\/cord-king-monster-splitter-001.jpeg","width":800,"height":533},{"@type":"BreadcrumbList","@id":"https:\/\/cordking.ca\/fr\/produit\/cord-king-monster-splitter-old\/#breadcrumb","itemListElement":[{"@type":"ListItem","position":1,"name":"Home","item":"https:\/\/cordking.ca\/fr\/"},{"@type":"ListItem","position":2,"name":"S\u00e9parateur de monstre"}]},{"@type":"WebSite","@id":"https:\/\/cordking.ca\/#website","url":"https:\/\/cordking.ca\/","name":"Cord King","description":"","potentialAction":[{"@type":"SearchAction","target":{"@type":"EntryPoint","urlTemplate":"https:\/\/cordking.ca\/?s={search_term_string}"},"query-input":{"@type":"PropertyValueSpecification","valueRequired":true,"valueName":"search_term_string"}}],"inLanguage":"fr-CA"}]}},"_links":{"self":[{"href":"https:\/\/cordking.ca\/fr\/wp-json\/wp\/v2\/product\/1085","targetHints":{"allow":["GET"]}}],"collection":[{"href":"https:\/\/cordking.ca\/fr\/wp-json\/wp\/v2\/product"}],"about":[{"href":"https:\/\/cordking.ca\/fr\/wp-json\/wp\/v2\/types\/product"}],"replies":[{"embeddable":true,"href":"https:\/\/cordking.ca\/fr\/wp-json\/wp\/v2\/comments?post=1085"}],"wp:featuredmedia":[{"embeddable":true,"href":"https:\/\/cordking.ca\/fr\/wp-json\/wp\/v2\/media\/1288"}],"wp:attachment":[{"href":"https:\/\/cordking.ca\/fr\/wp-json\/wp\/v2\/media?parent=1085"}],"wp:term":[{"taxonomy":"product_brand","embeddable":true,"href":"https:\/\/cordking.ca\/fr\/wp-json\/wp\/v2\/product_brand?post=1085"},{"taxonomy":"product_cat","embeddable":true,"href":"https:\/\/cordking.ca\/fr\/wp-json\/wp\/v2\/product_cat?post=1085"},{"taxonomy":"product_tag","embeddable":true,"href":"https:\/\/cordking.ca\/fr\/wp-json\/wp\/v2\/product_tag?post=1085"},{"taxonomy":"product-category","embeddable":true,"href":"https:\/\/cordking.ca\/fr\/wp-json\/wp\/v2\/product-category?post=1085"}],"curies":[{"name":"wp","href":"https:\/\/api.w.org\/{rel}","templated":true}]}}