{"id":1084,"date":"2016-12-07T14:24:34","date_gmt":"2016-12-07T19:24:34","guid":{"rendered":"https:\/\/cordking.ca\/product\/cord-kings-newest-wedge-design-more-splits-with-less-power-needed\/"},"modified":"2017-02-14T12:43:59","modified_gmt":"2017-02-14T17:43:59","slug":"nouveau-cord-king-ecarteuse-18-28-pieces","status":"publish","type":"product","link":"https:\/\/cordking.ca\/fr\/produit\/nouveau-cord-king-ecarteuse-18-28-pieces\/","title":{"rendered":"Nouveau de Cord King \u2013 \u00c9carteuse 18 et 28-pi\u00e8ces"},"content":{"rendered":"<p>Cord King a r\u00e9volutionn\u00e9 la coupe du bois de chauffage avec les nouveaux coins de fendage de 18 et 28 pi\u00e8ces. La taille du produit peut \u00eatre adapt\u00e9e aux besoins de vos clients. Le nouveau design du coin de fendage ne n\u00e9cessite pas seulement moins de puissance pour couper le bois, mais l&rsquo;ajustement hydraulique est am\u00e9lior\u00e9e de fa\u00e7on drastique. Ce nouveau coin est maintenant standard avec les machines CS20-40 et CS27-40, et viennent toujours avec une garantie \u00e0 vie pour l&rsquo;acheteur original.<\/p>\n","protected":false},"excerpt":{"rendered":"<p>Cord King a r\u00e9volutionn\u00e9 la coupe du bois de chauffage avec les nouveaux coins de fendage de 18 et 28 pi\u00e8ces. La taille du produit peut \u00eatre adapt\u00e9e aux besoins de vos clients. Le nouveau design du coin de fendage ne n\u00e9cessite pas [&hellip;]<\/p>\n","protected":false},"featured_media":1292,"comment_status":"closed","ping_status":"closed","template":"","meta":{"_acf_changed":false},"product_brand":[],"product_cat":[127],"product_tag":[],"product-category":[22],"class_list":{"0":"post-1084","1":"product","2":"type-product","3":"status-publish","4":"has-post-thumbnail","6":"product_cat-uncategorized-fr","7":"product-category-accessoires-fendeuse-bois-chauffage","9":"first","10":"instock","11":"taxable","12":"shipping-taxable","13":"product-type-simple"},"acf":[],"yoast_head":"<!-- This site is optimized with the Yoast SEO plugin v27.3 - https:\/\/yoast.com\/product\/yoast-seo-wordpress\/ -->\n<title>Nouveau de Cord King \u2013 \u00c9carteuse 18 et 28-pi\u00e8ces - Cord King<\/title>\n<meta name=\"robots\" content=\"index, follow, max-snippet:-1, max-image-preview:large, max-video-preview:-1\" \/>\n<link rel=\"canonical\" href=\"https:\/\/cordking.ca\/fr\/produit\/nouveau-cord-king-ecarteuse-18-28-pieces\/\" \/>\n<meta property=\"og:locale\" content=\"fr_CA\" \/>\n<meta property=\"og:type\" content=\"article\" \/>\n<meta property=\"og:title\" content=\"Nouveau de Cord King \u2013 \u00c9carteuse 18 et 28-pi\u00e8ces - Cord King\" \/>\n<meta property=\"og:description\" content=\"Cord King a r\u00e9volutionn\u00e9 la coupe du bois de chauffage avec les nouveaux coins de fendage de 18 et 28 pi\u00e8ces. La taille du produit peut \u00eatre adapt\u00e9e aux besoins de vos clients. Le nouveau design du coin de fendage ne n\u00e9cessite pas [&hellip;]\" \/>\n<meta property=\"og:url\" content=\"https:\/\/cordking.ca\/fr\/produit\/nouveau-cord-king-ecarteuse-18-28-pieces\/\" \/>\n<meta property=\"og:site_name\" content=\"Cord King\" \/>\n<meta property=\"article:publisher\" content=\"https:\/\/www.facebook.com\/Cord-King-Canada-1842609599315117\/\" \/>\n<meta property=\"article:modified_time\" content=\"2017-02-14T17:43:59+00:00\" \/>\n<meta property=\"og:image\" content=\"https:\/\/cordking.ca\/wp-content\/uploads\/2016\/12\/cord-king-28-Way-Box-Wedge.jpg\" \/>\n\t<meta property=\"og:image:width\" content=\"800\" \/>\n\t<meta property=\"og:image:height\" content=\"600\" \/>\n\t<meta property=\"og:image:type\" content=\"image\/jpeg\" \/>\n<meta name=\"twitter:card\" content=\"summary_large_image\" \/>\n<script type=\"application\/ld+json\" class=\"yoast-schema-graph\">{\"@context\":\"https:\\\/\\\/schema.org\",\"@graph\":[{\"@type\":\"WebPage\",\"@id\":\"https:\\\/\\\/cordking.ca\\\/fr\\\/produit\\\/nouveau-cord-king-ecarteuse-18-28-pieces\\\/\",\"url\":\"https:\\\/\\\/cordking.ca\\\/fr\\\/produit\\\/nouveau-cord-king-ecarteuse-18-28-pieces\\\/\",\"name\":\"Nouveau de Cord King \u2013 \u00c9carteuse 18 et 28-pi\u00e8ces - Cord King\",\"isPartOf\":{\"@id\":\"https:\\\/\\\/cordking.ca\\\/#website\"},\"primaryImageOfPage\":{\"@id\":\"https:\\\/\\\/cordking.ca\\\/fr\\\/produit\\\/nouveau-cord-king-ecarteuse-18-28-pieces\\\/#primaryimage\"},\"image\":{\"@id\":\"https:\\\/\\\/cordking.ca\\\/fr\\\/produit\\\/nouveau-cord-king-ecarteuse-18-28-pieces\\\/#primaryimage\"},\"thumbnailUrl\":\"https:\\\/\\\/impekacdn.s3.us-east-2.amazonaws.com\\\/cordking.ca\\\/wp-content\\\/uploads\\\/2016\\\/12\\\/05000233\\\/cord-king-28-Way-Box-Wedge.jpg\",\"datePublished\":\"2016-12-07T19:24:34+00:00\",\"dateModified\":\"2017-02-14T17:43:59+00:00\",\"breadcrumb\":{\"@id\":\"https:\\\/\\\/cordking.ca\\\/fr\\\/produit\\\/nouveau-cord-king-ecarteuse-18-28-pieces\\\/#breadcrumb\"},\"inLanguage\":\"fr-CA\",\"potentialAction\":[{\"@type\":\"ReadAction\",\"target\":[\"https:\\\/\\\/cordking.ca\\\/fr\\\/produit\\\/nouveau-cord-king-ecarteuse-18-28-pieces\\\/\"]}]},{\"@type\":\"ImageObject\",\"inLanguage\":\"fr-CA\",\"@id\":\"https:\\\/\\\/cordking.ca\\\/fr\\\/produit\\\/nouveau-cord-king-ecarteuse-18-28-pieces\\\/#primaryimage\",\"url\":\"https:\\\/\\\/impekacdn.s3.us-east-2.amazonaws.com\\\/cordking.ca\\\/wp-content\\\/uploads\\\/2016\\\/12\\\/05000233\\\/cord-king-28-Way-Box-Wedge.jpg\",\"contentUrl\":\"https:\\\/\\\/impekacdn.s3.us-east-2.amazonaws.com\\\/cordking.ca\\\/wp-content\\\/uploads\\\/2016\\\/12\\\/05000233\\\/cord-king-28-Way-Box-Wedge.jpg\",\"width\":800,\"height\":600},{\"@type\":\"BreadcrumbList\",\"@id\":\"https:\\\/\\\/cordking.ca\\\/fr\\\/produit\\\/nouveau-cord-king-ecarteuse-18-28-pieces\\\/#breadcrumb\",\"itemListElement\":[{\"@type\":\"ListItem\",\"position\":1,\"name\":\"Home\",\"item\":\"https:\\\/\\\/cordking.ca\\\/fr\\\/\"},{\"@type\":\"ListItem\",\"position\":2,\"name\":\"Nouveau de Cord King \u2013 \u00c9carteuse 18 et 28-pi\u00e8ces\"}]},{\"@type\":\"WebSite\",\"@id\":\"https:\\\/\\\/cordking.ca\\\/#website\",\"url\":\"https:\\\/\\\/cordking.ca\\\/\",\"name\":\"Cord King\",\"description\":\"\",\"potentialAction\":[{\"@type\":\"SearchAction\",\"target\":{\"@type\":\"EntryPoint\",\"urlTemplate\":\"https:\\\/\\\/cordking.ca\\\/?s={search_term_string}\"},\"query-input\":{\"@type\":\"PropertyValueSpecification\",\"valueRequired\":true,\"valueName\":\"search_term_string\"}}],\"inLanguage\":\"fr-CA\"}]}<\/script>\n<!-- \/ Yoast SEO plugin. -->","yoast_head_json":{"title":"Nouveau de Cord King \u2013 \u00c9carteuse 18 et 28-pi\u00e8ces - Cord King","robots":{"index":"index","follow":"follow","max-snippet":"max-snippet:-1","max-image-preview":"max-image-preview:large","max-video-preview":"max-video-preview:-1"},"canonical":"https:\/\/cordking.ca\/fr\/produit\/nouveau-cord-king-ecarteuse-18-28-pieces\/","og_locale":"fr_CA","og_type":"article","og_title":"Nouveau de Cord King \u2013 \u00c9carteuse 18 et 28-pi\u00e8ces - Cord King","og_description":"Cord King a r\u00e9volutionn\u00e9 la coupe du bois de chauffage avec les nouveaux coins de fendage de 18 et 28 pi\u00e8ces. La taille du produit peut \u00eatre adapt\u00e9e aux besoins de vos clients. Le nouveau design du coin de fendage ne n\u00e9cessite pas [&hellip;]","og_url":"https:\/\/cordking.ca\/fr\/produit\/nouveau-cord-king-ecarteuse-18-28-pieces\/","og_site_name":"Cord King","article_publisher":"https:\/\/www.facebook.com\/Cord-King-Canada-1842609599315117\/","article_modified_time":"2017-02-14T17:43:59+00:00","og_image":[{"width":800,"height":600,"url":"https:\/\/cordking.ca\/wp-content\/uploads\/2016\/12\/cord-king-28-Way-Box-Wedge.jpg","type":"image\/jpeg"}],"twitter_card":"summary_large_image","schema":{"@context":"https:\/\/schema.org","@graph":[{"@type":"WebPage","@id":"https:\/\/cordking.ca\/fr\/produit\/nouveau-cord-king-ecarteuse-18-28-pieces\/","url":"https:\/\/cordking.ca\/fr\/produit\/nouveau-cord-king-ecarteuse-18-28-pieces\/","name":"Nouveau de Cord King \u2013 \u00c9carteuse 18 et 28-pi\u00e8ces - Cord King","isPartOf":{"@id":"https:\/\/cordking.ca\/#website"},"primaryImageOfPage":{"@id":"https:\/\/cordking.ca\/fr\/produit\/nouveau-cord-king-ecarteuse-18-28-pieces\/#primaryimage"},"image":{"@id":"https:\/\/cordking.ca\/fr\/produit\/nouveau-cord-king-ecarteuse-18-28-pieces\/#primaryimage"},"thumbnailUrl":"https:\/\/impekacdn.s3.us-east-2.amazonaws.com\/cordking.ca\/wp-content\/uploads\/2016\/12\/05000233\/cord-king-28-Way-Box-Wedge.jpg","datePublished":"2016-12-07T19:24:34+00:00","dateModified":"2017-02-14T17:43:59+00:00","breadcrumb":{"@id":"https:\/\/cordking.ca\/fr\/produit\/nouveau-cord-king-ecarteuse-18-28-pieces\/#breadcrumb"},"inLanguage":"fr-CA","potentialAction":[{"@type":"ReadAction","target":["https:\/\/cordking.ca\/fr\/produit\/nouveau-cord-king-ecarteuse-18-28-pieces\/"]}]},{"@type":"ImageObject","inLanguage":"fr-CA","@id":"https:\/\/cordking.ca\/fr\/produit\/nouveau-cord-king-ecarteuse-18-28-pieces\/#primaryimage","url":"https:\/\/impekacdn.s3.us-east-2.amazonaws.com\/cordking.ca\/wp-content\/uploads\/2016\/12\/05000233\/cord-king-28-Way-Box-Wedge.jpg","contentUrl":"https:\/\/impekacdn.s3.us-east-2.amazonaws.com\/cordking.ca\/wp-content\/uploads\/2016\/12\/05000233\/cord-king-28-Way-Box-Wedge.jpg","width":800,"height":600},{"@type":"BreadcrumbList","@id":"https:\/\/cordking.ca\/fr\/produit\/nouveau-cord-king-ecarteuse-18-28-pieces\/#breadcrumb","itemListElement":[{"@type":"ListItem","position":1,"name":"Home","item":"https:\/\/cordking.ca\/fr\/"},{"@type":"ListItem","position":2,"name":"Nouveau de Cord King \u2013 \u00c9carteuse 18 et 28-pi\u00e8ces"}]},{"@type":"WebSite","@id":"https:\/\/cordking.ca\/#website","url":"https:\/\/cordking.ca\/","name":"Cord King","description":"","potentialAction":[{"@type":"SearchAction","target":{"@type":"EntryPoint","urlTemplate":"https:\/\/cordking.ca\/?s={search_term_string}"},"query-input":{"@type":"PropertyValueSpecification","valueRequired":true,"valueName":"search_term_string"}}],"inLanguage":"fr-CA"}]}},"_links":{"self":[{"href":"https:\/\/cordking.ca\/fr\/wp-json\/wp\/v2\/product\/1084","targetHints":{"allow":["GET"]}}],"collection":[{"href":"https:\/\/cordking.ca\/fr\/wp-json\/wp\/v2\/product"}],"about":[{"href":"https:\/\/cordking.ca\/fr\/wp-json\/wp\/v2\/types\/product"}],"replies":[{"embeddable":true,"href":"https:\/\/cordking.ca\/fr\/wp-json\/wp\/v2\/comments?post=1084"}],"wp:featuredmedia":[{"embeddable":true,"href":"https:\/\/cordking.ca\/fr\/wp-json\/wp\/v2\/media\/1292"}],"wp:attachment":[{"href":"https:\/\/cordking.ca\/fr\/wp-json\/wp\/v2\/media?parent=1084"}],"wp:term":[{"taxonomy":"product_brand","embeddable":true,"href":"https:\/\/cordking.ca\/fr\/wp-json\/wp\/v2\/product_brand?post=1084"},{"taxonomy":"product_cat","embeddable":true,"href":"https:\/\/cordking.ca\/fr\/wp-json\/wp\/v2\/product_cat?post=1084"},{"taxonomy":"product_tag","embeddable":true,"href":"https:\/\/cordking.ca\/fr\/wp-json\/wp\/v2\/product_tag?post=1084"},{"taxonomy":"product-category","embeddable":true,"href":"https:\/\/cordking.ca\/fr\/wp-json\/wp\/v2\/product-category?post=1084"}],"curies":[{"name":"wp","href":"https:\/\/api.w.org\/{rel}","templated":true}]}}