{"id":1077,"date":"2016-12-07T17:02:40","date_gmt":"2016-12-07T22:02:40","guid":{"rendered":"https:\/\/cordking.ca\/product\/electric-motor-option\/"},"modified":"2017-02-14T12:44:10","modified_gmt":"2017-02-14T17:44:10","slug":"option-moteur-electrique","status":"publish","type":"product","link":"https:\/\/cordking.ca\/fr\/produit\/option-moteur-electrique\/","title":{"rendered":"Option moteur \u00e9lectrique"},"content":{"rendered":"<p>Chaque mod\u00e8le Cord King peut \u00eatre assembl\u00e9 avec un moteur \u00e9lectrique. Veuillez noter que la puissance varie en fonction du mod\u00e8le que vous choisissez et des exigences de la machine. En r\u00e8gle g\u00e9n\u00e9rale, la puissance triphas\u00e9e est recommand\u00e9e pour minimiser la consommation d&rsquo;\u00e9nergie et assurer un fonctionnement facile et fiable.<\/p>\n","protected":false},"excerpt":{"rendered":"<p>Chaque mod\u00e8le Cord King peut \u00eatre assembl\u00e9 avec un moteur \u00e9lectrique. Veuillez noter que la puissance varie en fonction du mod\u00e8le que vous choisissez et des exigences de la machine. En r\u00e8gle g\u00e9n\u00e9rale, la puissance triphas\u00e9e est recommand\u00e9e pour minimiser la consommation d&rsquo;\u00e9nergie [&hellip;]<\/p>\n","protected":false},"featured_media":531,"comment_status":"closed","ping_status":"closed","template":"","meta":{"_acf_changed":false},"product_brand":[],"product_cat":[127],"product_tag":[],"product-category":[22],"class_list":{"0":"post-1077","1":"product","2":"type-product","3":"status-publish","4":"has-post-thumbnail","6":"product_cat-uncategorized-fr","7":"product-category-accessoires-fendeuse-bois-chauffage","9":"first","10":"instock","11":"taxable","12":"shipping-taxable","13":"product-type-simple"},"acf":[],"yoast_head":"<!-- This site is optimized with the Yoast SEO plugin v27.3 - https:\/\/yoast.com\/product\/yoast-seo-wordpress\/ -->\n<title>Option moteur \u00e9lectrique - Cord King<\/title>\n<meta name=\"robots\" content=\"index, follow, max-snippet:-1, max-image-preview:large, max-video-preview:-1\" \/>\n<link rel=\"canonical\" href=\"https:\/\/cordking.ca\/fr\/produit\/option-moteur-electrique\/\" \/>\n<meta property=\"og:locale\" content=\"fr_CA\" \/>\n<meta property=\"og:type\" content=\"article\" \/>\n<meta property=\"og:title\" content=\"Option moteur \u00e9lectrique - Cord King\" \/>\n<meta property=\"og:description\" content=\"Chaque mod\u00e8le Cord King peut \u00eatre assembl\u00e9 avec un moteur \u00e9lectrique. Veuillez noter que la puissance varie en fonction du mod\u00e8le que vous choisissez et des exigences de la machine. En r\u00e8gle g\u00e9n\u00e9rale, la puissance triphas\u00e9e est recommand\u00e9e pour minimiser la consommation d&rsquo;\u00e9nergie [&hellip;]\" \/>\n<meta property=\"og:url\" content=\"https:\/\/cordking.ca\/fr\/produit\/option-moteur-electrique\/\" \/>\n<meta property=\"og:site_name\" content=\"Cord King\" \/>\n<meta property=\"article:publisher\" content=\"https:\/\/www.facebook.com\/Cord-King-Canada-1842609599315117\/\" \/>\n<meta property=\"article:modified_time\" content=\"2017-02-14T17:44:10+00:00\" \/>\n<meta property=\"og:image\" content=\"https:\/\/cordking.ca\/wp-content\/uploads\/2016\/12\/cord-king-Electric-Motor-option.jpeg\" \/>\n\t<meta property=\"og:image:width\" content=\"640\" \/>\n\t<meta property=\"og:image:height\" content=\"480\" \/>\n\t<meta property=\"og:image:type\" content=\"image\/jpeg\" \/>\n<meta name=\"twitter:card\" content=\"summary_large_image\" \/>\n<script type=\"application\/ld+json\" class=\"yoast-schema-graph\">{\"@context\":\"https:\\\/\\\/schema.org\",\"@graph\":[{\"@type\":\"WebPage\",\"@id\":\"https:\\\/\\\/cordking.ca\\\/fr\\\/produit\\\/option-moteur-electrique\\\/\",\"url\":\"https:\\\/\\\/cordking.ca\\\/fr\\\/produit\\\/option-moteur-electrique\\\/\",\"name\":\"Option moteur \u00e9lectrique - Cord King\",\"isPartOf\":{\"@id\":\"https:\\\/\\\/cordking.ca\\\/#website\"},\"primaryImageOfPage\":{\"@id\":\"https:\\\/\\\/cordking.ca\\\/fr\\\/produit\\\/option-moteur-electrique\\\/#primaryimage\"},\"image\":{\"@id\":\"https:\\\/\\\/cordking.ca\\\/fr\\\/produit\\\/option-moteur-electrique\\\/#primaryimage\"},\"thumbnailUrl\":\"https:\\\/\\\/impekacdn.s3.us-east-2.amazonaws.com\\\/cordking.ca\\\/wp-content\\\/uploads\\\/2016\\\/12\\\/05000111\\\/cord-king-Electric-Motor-option.jpeg\",\"datePublished\":\"2016-12-07T22:02:40+00:00\",\"dateModified\":\"2017-02-14T17:44:10+00:00\",\"breadcrumb\":{\"@id\":\"https:\\\/\\\/cordking.ca\\\/fr\\\/produit\\\/option-moteur-electrique\\\/#breadcrumb\"},\"inLanguage\":\"fr-CA\",\"potentialAction\":[{\"@type\":\"ReadAction\",\"target\":[\"https:\\\/\\\/cordking.ca\\\/fr\\\/produit\\\/option-moteur-electrique\\\/\"]}]},{\"@type\":\"ImageObject\",\"inLanguage\":\"fr-CA\",\"@id\":\"https:\\\/\\\/cordking.ca\\\/fr\\\/produit\\\/option-moteur-electrique\\\/#primaryimage\",\"url\":\"https:\\\/\\\/impekacdn.s3.us-east-2.amazonaws.com\\\/cordking.ca\\\/wp-content\\\/uploads\\\/2016\\\/12\\\/05000111\\\/cord-king-Electric-Motor-option.jpeg\",\"contentUrl\":\"https:\\\/\\\/impekacdn.s3.us-east-2.amazonaws.com\\\/cordking.ca\\\/wp-content\\\/uploads\\\/2016\\\/12\\\/05000111\\\/cord-king-Electric-Motor-option.jpeg\",\"width\":640,\"height\":480},{\"@type\":\"BreadcrumbList\",\"@id\":\"https:\\\/\\\/cordking.ca\\\/fr\\\/produit\\\/option-moteur-electrique\\\/#breadcrumb\",\"itemListElement\":[{\"@type\":\"ListItem\",\"position\":1,\"name\":\"Home\",\"item\":\"https:\\\/\\\/cordking.ca\\\/fr\\\/\"},{\"@type\":\"ListItem\",\"position\":2,\"name\":\"Option moteur \u00e9lectrique\"}]},{\"@type\":\"WebSite\",\"@id\":\"https:\\\/\\\/cordking.ca\\\/#website\",\"url\":\"https:\\\/\\\/cordking.ca\\\/\",\"name\":\"Cord King\",\"description\":\"\",\"potentialAction\":[{\"@type\":\"SearchAction\",\"target\":{\"@type\":\"EntryPoint\",\"urlTemplate\":\"https:\\\/\\\/cordking.ca\\\/?s={search_term_string}\"},\"query-input\":{\"@type\":\"PropertyValueSpecification\",\"valueRequired\":true,\"valueName\":\"search_term_string\"}}],\"inLanguage\":\"fr-CA\"}]}<\/script>\n<!-- \/ Yoast SEO plugin. -->","yoast_head_json":{"title":"Option moteur \u00e9lectrique - Cord King","robots":{"index":"index","follow":"follow","max-snippet":"max-snippet:-1","max-image-preview":"max-image-preview:large","max-video-preview":"max-video-preview:-1"},"canonical":"https:\/\/cordking.ca\/fr\/produit\/option-moteur-electrique\/","og_locale":"fr_CA","og_type":"article","og_title":"Option moteur \u00e9lectrique - Cord King","og_description":"Chaque mod\u00e8le Cord King peut \u00eatre assembl\u00e9 avec un moteur \u00e9lectrique. Veuillez noter que la puissance varie en fonction du mod\u00e8le que vous choisissez et des exigences de la machine. En r\u00e8gle g\u00e9n\u00e9rale, la puissance triphas\u00e9e est recommand\u00e9e pour minimiser la consommation d&rsquo;\u00e9nergie [&hellip;]","og_url":"https:\/\/cordking.ca\/fr\/produit\/option-moteur-electrique\/","og_site_name":"Cord King","article_publisher":"https:\/\/www.facebook.com\/Cord-King-Canada-1842609599315117\/","article_modified_time":"2017-02-14T17:44:10+00:00","og_image":[{"width":640,"height":480,"url":"https:\/\/cordking.ca\/wp-content\/uploads\/2016\/12\/cord-king-Electric-Motor-option.jpeg","type":"image\/jpeg"}],"twitter_card":"summary_large_image","schema":{"@context":"https:\/\/schema.org","@graph":[{"@type":"WebPage","@id":"https:\/\/cordking.ca\/fr\/produit\/option-moteur-electrique\/","url":"https:\/\/cordking.ca\/fr\/produit\/option-moteur-electrique\/","name":"Option moteur \u00e9lectrique - Cord King","isPartOf":{"@id":"https:\/\/cordking.ca\/#website"},"primaryImageOfPage":{"@id":"https:\/\/cordking.ca\/fr\/produit\/option-moteur-electrique\/#primaryimage"},"image":{"@id":"https:\/\/cordking.ca\/fr\/produit\/option-moteur-electrique\/#primaryimage"},"thumbnailUrl":"https:\/\/impekacdn.s3.us-east-2.amazonaws.com\/cordking.ca\/wp-content\/uploads\/2016\/12\/05000111\/cord-king-Electric-Motor-option.jpeg","datePublished":"2016-12-07T22:02:40+00:00","dateModified":"2017-02-14T17:44:10+00:00","breadcrumb":{"@id":"https:\/\/cordking.ca\/fr\/produit\/option-moteur-electrique\/#breadcrumb"},"inLanguage":"fr-CA","potentialAction":[{"@type":"ReadAction","target":["https:\/\/cordking.ca\/fr\/produit\/option-moteur-electrique\/"]}]},{"@type":"ImageObject","inLanguage":"fr-CA","@id":"https:\/\/cordking.ca\/fr\/produit\/option-moteur-electrique\/#primaryimage","url":"https:\/\/impekacdn.s3.us-east-2.amazonaws.com\/cordking.ca\/wp-content\/uploads\/2016\/12\/05000111\/cord-king-Electric-Motor-option.jpeg","contentUrl":"https:\/\/impekacdn.s3.us-east-2.amazonaws.com\/cordking.ca\/wp-content\/uploads\/2016\/12\/05000111\/cord-king-Electric-Motor-option.jpeg","width":640,"height":480},{"@type":"BreadcrumbList","@id":"https:\/\/cordking.ca\/fr\/produit\/option-moteur-electrique\/#breadcrumb","itemListElement":[{"@type":"ListItem","position":1,"name":"Home","item":"https:\/\/cordking.ca\/fr\/"},{"@type":"ListItem","position":2,"name":"Option moteur \u00e9lectrique"}]},{"@type":"WebSite","@id":"https:\/\/cordking.ca\/#website","url":"https:\/\/cordking.ca\/","name":"Cord King","description":"","potentialAction":[{"@type":"SearchAction","target":{"@type":"EntryPoint","urlTemplate":"https:\/\/cordking.ca\/?s={search_term_string}"},"query-input":{"@type":"PropertyValueSpecification","valueRequired":true,"valueName":"search_term_string"}}],"inLanguage":"fr-CA"}]}},"_links":{"self":[{"href":"https:\/\/cordking.ca\/fr\/wp-json\/wp\/v2\/product\/1077","targetHints":{"allow":["GET"]}}],"collection":[{"href":"https:\/\/cordking.ca\/fr\/wp-json\/wp\/v2\/product"}],"about":[{"href":"https:\/\/cordking.ca\/fr\/wp-json\/wp\/v2\/types\/product"}],"replies":[{"embeddable":true,"href":"https:\/\/cordking.ca\/fr\/wp-json\/wp\/v2\/comments?post=1077"}],"wp:featuredmedia":[{"embeddable":true,"href":"https:\/\/cordking.ca\/fr\/wp-json\/wp\/v2\/media\/531"}],"wp:attachment":[{"href":"https:\/\/cordking.ca\/fr\/wp-json\/wp\/v2\/media?parent=1077"}],"wp:term":[{"taxonomy":"product_brand","embeddable":true,"href":"https:\/\/cordking.ca\/fr\/wp-json\/wp\/v2\/product_brand?post=1077"},{"taxonomy":"product_cat","embeddable":true,"href":"https:\/\/cordking.ca\/fr\/wp-json\/wp\/v2\/product_cat?post=1077"},{"taxonomy":"product_tag","embeddable":true,"href":"https:\/\/cordking.ca\/fr\/wp-json\/wp\/v2\/product_tag?post=1077"},{"taxonomy":"product-category","embeddable":true,"href":"https:\/\/cordking.ca\/fr\/wp-json\/wp\/v2\/product-category?post=1077"}],"curies":[{"name":"wp","href":"https:\/\/api.w.org\/{rel}","templated":true}]}}