{"id":1074,"date":"2016-12-07T17:09:43","date_gmt":"2016-12-07T22:09:43","guid":{"rendered":"https:\/\/cordking.ca\/product\/trap-doors\/"},"modified":"2017-02-14T12:44:41","modified_gmt":"2017-02-14T17:44:41","slug":"portes-basculantes","status":"publish","type":"product","link":"https:\/\/cordking.ca\/fr\/produit\/portes-basculantes\/","title":{"rendered":"Portes basculantes"},"content":{"rendered":"<p>L&rsquo;option de portes basculantes a plusieurs avantages uniques pour simplifier davantage le fonctionnement de tous les fendeuses de bois de chauffage Cord King. Avant de couper le dernier morceau de bois, l&rsquo;op\u00e9rateur ferme les portes \u00e0 commande hydraulique pour supporter la b\u00fbche afin de faciliter la derni\u00e8re coupe du bois. Les portes peuvent \u00e9galement \u00eatre utilis\u00e9es en conjonction avec le limiteur-contourneur afin d&rsquo;\u00e9viter la chambre de s\u00e9paration.<\/p>\n","protected":false},"excerpt":{"rendered":"<p>L&rsquo;option de portes basculantes a plusieurs avantages uniques pour simplifier davantage le fonctionnement de tous les fendeuses de bois de chauffage Cord King. Avant de couper le dernier morceau de bois, l&rsquo;op\u00e9rateur ferme les portes \u00e0 commande hydraulique pour supporter la b\u00fbche afin [&hellip;]<\/p>\n","protected":false},"featured_media":544,"comment_status":"closed","ping_status":"closed","template":"","meta":{"_acf_changed":false},"product_brand":[],"product_cat":[127],"product_tag":[],"product-category":[22],"class_list":{"0":"post-1074","1":"product","2":"type-product","3":"status-publish","4":"has-post-thumbnail","6":"product_cat-uncategorized-fr","7":"product-category-accessoires-fendeuse-bois-chauffage","9":"first","10":"instock","11":"taxable","12":"shipping-taxable","13":"product-type-simple"},"acf":[],"yoast_head":"<!-- This site is optimized with the Yoast SEO plugin v27.3 - https:\/\/yoast.com\/product\/yoast-seo-wordpress\/ -->\n<title>Portes basculantes - Cord King<\/title>\n<meta name=\"robots\" content=\"index, follow, max-snippet:-1, max-image-preview:large, max-video-preview:-1\" \/>\n<link rel=\"canonical\" href=\"https:\/\/cordking.ca\/fr\/produit\/portes-basculantes\/\" \/>\n<meta property=\"og:locale\" content=\"fr_CA\" \/>\n<meta property=\"og:type\" content=\"article\" \/>\n<meta property=\"og:title\" content=\"Portes basculantes - Cord King\" \/>\n<meta property=\"og:description\" content=\"L&rsquo;option de portes basculantes a plusieurs avantages uniques pour simplifier davantage le fonctionnement de tous les fendeuses de bois de chauffage Cord King. Avant de couper le dernier morceau de bois, l&rsquo;op\u00e9rateur ferme les portes \u00e0 commande hydraulique pour supporter la b\u00fbche afin [&hellip;]\" \/>\n<meta property=\"og:url\" content=\"https:\/\/cordking.ca\/fr\/produit\/portes-basculantes\/\" \/>\n<meta property=\"og:site_name\" content=\"Cord King\" \/>\n<meta property=\"article:publisher\" content=\"https:\/\/www.facebook.com\/Cord-King-Canada-1842609599315117\/\" \/>\n<meta property=\"article:modified_time\" content=\"2017-02-14T17:44:41+00:00\" \/>\n<meta property=\"og:image\" content=\"https:\/\/cordking.ca\/wp-content\/uploads\/2016\/12\/Cord-King-Trap-Door.jpeg\" \/>\n\t<meta property=\"og:image:width\" content=\"548\" \/>\n\t<meta property=\"og:image:height\" content=\"444\" \/>\n\t<meta property=\"og:image:type\" content=\"image\/jpeg\" \/>\n<meta name=\"twitter:card\" content=\"summary_large_image\" \/>\n<script type=\"application\/ld+json\" class=\"yoast-schema-graph\">{\"@context\":\"https:\\\/\\\/schema.org\",\"@graph\":[{\"@type\":\"WebPage\",\"@id\":\"https:\\\/\\\/cordking.ca\\\/fr\\\/produit\\\/portes-basculantes\\\/\",\"url\":\"https:\\\/\\\/cordking.ca\\\/fr\\\/produit\\\/portes-basculantes\\\/\",\"name\":\"Portes basculantes - Cord King\",\"isPartOf\":{\"@id\":\"https:\\\/\\\/cordking.ca\\\/#website\"},\"primaryImageOfPage\":{\"@id\":\"https:\\\/\\\/cordking.ca\\\/fr\\\/produit\\\/portes-basculantes\\\/#primaryimage\"},\"image\":{\"@id\":\"https:\\\/\\\/cordking.ca\\\/fr\\\/produit\\\/portes-basculantes\\\/#primaryimage\"},\"thumbnailUrl\":\"https:\\\/\\\/impekacdn.s3.us-east-2.amazonaws.com\\\/cordking.ca\\\/wp-content\\\/uploads\\\/2016\\\/12\\\/05000105\\\/Cord-King-Trap-Door.jpeg\",\"datePublished\":\"2016-12-07T22:09:43+00:00\",\"dateModified\":\"2017-02-14T17:44:41+00:00\",\"breadcrumb\":{\"@id\":\"https:\\\/\\\/cordking.ca\\\/fr\\\/produit\\\/portes-basculantes\\\/#breadcrumb\"},\"inLanguage\":\"fr-CA\",\"potentialAction\":[{\"@type\":\"ReadAction\",\"target\":[\"https:\\\/\\\/cordking.ca\\\/fr\\\/produit\\\/portes-basculantes\\\/\"]}]},{\"@type\":\"ImageObject\",\"inLanguage\":\"fr-CA\",\"@id\":\"https:\\\/\\\/cordking.ca\\\/fr\\\/produit\\\/portes-basculantes\\\/#primaryimage\",\"url\":\"https:\\\/\\\/impekacdn.s3.us-east-2.amazonaws.com\\\/cordking.ca\\\/wp-content\\\/uploads\\\/2016\\\/12\\\/05000105\\\/Cord-King-Trap-Door.jpeg\",\"contentUrl\":\"https:\\\/\\\/impekacdn.s3.us-east-2.amazonaws.com\\\/cordking.ca\\\/wp-content\\\/uploads\\\/2016\\\/12\\\/05000105\\\/Cord-King-Trap-Door.jpeg\",\"width\":548,\"height\":444},{\"@type\":\"BreadcrumbList\",\"@id\":\"https:\\\/\\\/cordking.ca\\\/fr\\\/produit\\\/portes-basculantes\\\/#breadcrumb\",\"itemListElement\":[{\"@type\":\"ListItem\",\"position\":1,\"name\":\"Home\",\"item\":\"https:\\\/\\\/cordking.ca\\\/fr\\\/\"},{\"@type\":\"ListItem\",\"position\":2,\"name\":\"Portes basculantes\"}]},{\"@type\":\"WebSite\",\"@id\":\"https:\\\/\\\/cordking.ca\\\/#website\",\"url\":\"https:\\\/\\\/cordking.ca\\\/\",\"name\":\"Cord King\",\"description\":\"\",\"potentialAction\":[{\"@type\":\"SearchAction\",\"target\":{\"@type\":\"EntryPoint\",\"urlTemplate\":\"https:\\\/\\\/cordking.ca\\\/?s={search_term_string}\"},\"query-input\":{\"@type\":\"PropertyValueSpecification\",\"valueRequired\":true,\"valueName\":\"search_term_string\"}}],\"inLanguage\":\"fr-CA\"}]}<\/script>\n<!-- \/ Yoast SEO plugin. -->","yoast_head_json":{"title":"Portes basculantes - Cord King","robots":{"index":"index","follow":"follow","max-snippet":"max-snippet:-1","max-image-preview":"max-image-preview:large","max-video-preview":"max-video-preview:-1"},"canonical":"https:\/\/cordking.ca\/fr\/produit\/portes-basculantes\/","og_locale":"fr_CA","og_type":"article","og_title":"Portes basculantes - Cord King","og_description":"L&rsquo;option de portes basculantes a plusieurs avantages uniques pour simplifier davantage le fonctionnement de tous les fendeuses de bois de chauffage Cord King. Avant de couper le dernier morceau de bois, l&rsquo;op\u00e9rateur ferme les portes \u00e0 commande hydraulique pour supporter la b\u00fbche afin [&hellip;]","og_url":"https:\/\/cordking.ca\/fr\/produit\/portes-basculantes\/","og_site_name":"Cord King","article_publisher":"https:\/\/www.facebook.com\/Cord-King-Canada-1842609599315117\/","article_modified_time":"2017-02-14T17:44:41+00:00","og_image":[{"width":548,"height":444,"url":"https:\/\/cordking.ca\/wp-content\/uploads\/2016\/12\/Cord-King-Trap-Door.jpeg","type":"image\/jpeg"}],"twitter_card":"summary_large_image","schema":{"@context":"https:\/\/schema.org","@graph":[{"@type":"WebPage","@id":"https:\/\/cordking.ca\/fr\/produit\/portes-basculantes\/","url":"https:\/\/cordking.ca\/fr\/produit\/portes-basculantes\/","name":"Portes basculantes - Cord King","isPartOf":{"@id":"https:\/\/cordking.ca\/#website"},"primaryImageOfPage":{"@id":"https:\/\/cordking.ca\/fr\/produit\/portes-basculantes\/#primaryimage"},"image":{"@id":"https:\/\/cordking.ca\/fr\/produit\/portes-basculantes\/#primaryimage"},"thumbnailUrl":"https:\/\/impekacdn.s3.us-east-2.amazonaws.com\/cordking.ca\/wp-content\/uploads\/2016\/12\/05000105\/Cord-King-Trap-Door.jpeg","datePublished":"2016-12-07T22:09:43+00:00","dateModified":"2017-02-14T17:44:41+00:00","breadcrumb":{"@id":"https:\/\/cordking.ca\/fr\/produit\/portes-basculantes\/#breadcrumb"},"inLanguage":"fr-CA","potentialAction":[{"@type":"ReadAction","target":["https:\/\/cordking.ca\/fr\/produit\/portes-basculantes\/"]}]},{"@type":"ImageObject","inLanguage":"fr-CA","@id":"https:\/\/cordking.ca\/fr\/produit\/portes-basculantes\/#primaryimage","url":"https:\/\/impekacdn.s3.us-east-2.amazonaws.com\/cordking.ca\/wp-content\/uploads\/2016\/12\/05000105\/Cord-King-Trap-Door.jpeg","contentUrl":"https:\/\/impekacdn.s3.us-east-2.amazonaws.com\/cordking.ca\/wp-content\/uploads\/2016\/12\/05000105\/Cord-King-Trap-Door.jpeg","width":548,"height":444},{"@type":"BreadcrumbList","@id":"https:\/\/cordking.ca\/fr\/produit\/portes-basculantes\/#breadcrumb","itemListElement":[{"@type":"ListItem","position":1,"name":"Home","item":"https:\/\/cordking.ca\/fr\/"},{"@type":"ListItem","position":2,"name":"Portes basculantes"}]},{"@type":"WebSite","@id":"https:\/\/cordking.ca\/#website","url":"https:\/\/cordking.ca\/","name":"Cord King","description":"","potentialAction":[{"@type":"SearchAction","target":{"@type":"EntryPoint","urlTemplate":"https:\/\/cordking.ca\/?s={search_term_string}"},"query-input":{"@type":"PropertyValueSpecification","valueRequired":true,"valueName":"search_term_string"}}],"inLanguage":"fr-CA"}]}},"_links":{"self":[{"href":"https:\/\/cordking.ca\/fr\/wp-json\/wp\/v2\/product\/1074","targetHints":{"allow":["GET"]}}],"collection":[{"href":"https:\/\/cordking.ca\/fr\/wp-json\/wp\/v2\/product"}],"about":[{"href":"https:\/\/cordking.ca\/fr\/wp-json\/wp\/v2\/types\/product"}],"replies":[{"embeddable":true,"href":"https:\/\/cordking.ca\/fr\/wp-json\/wp\/v2\/comments?post=1074"}],"wp:featuredmedia":[{"embeddable":true,"href":"https:\/\/cordking.ca\/fr\/wp-json\/wp\/v2\/media\/544"}],"wp:attachment":[{"href":"https:\/\/cordking.ca\/fr\/wp-json\/wp\/v2\/media?parent=1074"}],"wp:term":[{"taxonomy":"product_brand","embeddable":true,"href":"https:\/\/cordking.ca\/fr\/wp-json\/wp\/v2\/product_brand?post=1074"},{"taxonomy":"product_cat","embeddable":true,"href":"https:\/\/cordking.ca\/fr\/wp-json\/wp\/v2\/product_cat?post=1074"},{"taxonomy":"product_tag","embeddable":true,"href":"https:\/\/cordking.ca\/fr\/wp-json\/wp\/v2\/product_tag?post=1074"},{"taxonomy":"product-category","embeddable":true,"href":"https:\/\/cordking.ca\/fr\/wp-json\/wp\/v2\/product-category?post=1074"}],"curies":[{"name":"wp","href":"https:\/\/api.w.org\/{rel}","templated":true}]}}