{"id":3445,"date":"2025-10-14T10:49:26","date_gmt":"2025-10-14T14:49:26","guid":{"rendered":"https:\/\/cordking.ca\/rental-machines\/"},"modified":"2026-04-10T09:17:07","modified_gmt":"2026-04-10T13:17:07","slug":"machines-de-location","status":"publish","type":"page","link":"https:\/\/cordking.ca\/fr\/machines-de-location\/","title":{"rendered":"Machines de location"},"content":{"rendered":"<div class=\"wpb-content-wrapper\">[vc_row][vc_column][vc_column_text]\n<h2 style=\"text-align: center;\">Machines disponibles \u00e0 la location<\/h2>\n<p style=\"text-align: center;\" data-start=\"259\" data-end=\"568\">Besoin d&rsquo;une scie \u00e0 bois pour un projet \u00e0 court terme ou pour booster votre production en haute saison\u00a0? Les machines de location Cord King offrent des performances de pointe sans engagement \u00e0 long terme. B\u00e9n\u00e9ficiez de la m\u00eame vitesse, de la m\u00eame puissance et de la m\u00eame fiabilit\u00e9 l\u00e9gendaires que nos clients appr\u00e9cient, disponibles quand vous en avez besoin.<\/p>\n[\/vc_column_text][vc_column_text css=\u00a0\u00bb.vc_custom_1760640742218{margin-bottom: 20px !important;}\u00a0\u00bb]\n<h3 data-start=\"259\" data-end=\"568\"><\/h3>\n<p>&nbsp;<\/p>\n<h3 style=\"text-align: center;\" data-start=\"259\" data-end=\"568\">Partenaires de location certifi\u00e9s Cord King<\/h3>\n[\/vc_column_text][\/vc_column][\/vc_row][vc_row gap=\u00a0\u00bb2&Prime;][vc_column width=\u00a0\u00bb1\/2&Prime; css=\u00a0\u00bb.vc_custom_1760641039124{border-top-width: 2px !important;border-right-width: 2px !important;border-bottom-width: 2px !important;border-left-width: 2px !important;border-left-style: solid !important;border-right-style: solid !important;border-top-style: solid !important;border-bottom-style: solid !important;border-radius: 2px !important;border-color: #000000 !important;}\u00a0\u00bb][vc_column_text css=\u00a0\u00bb\u00a0\u00bb]\n<h6 style=\"text-align: center;\"><strong>Au service de Bangor, ME et dans un rayon de 200 milles<\/strong><\/h6>\n<p style=\"text-align: center;\"><em>Disponible uniquement aux \u00c9tats-Unis*<\/em><\/p>\n<h3 style=\"text-align: center;\"><a href=\"https:\/\/www.facebook.com\/p\/Willeys-Firewood-and-Earthwork-LLC-100067836697370\/\">Willey\u2019s Firewood and Earthwork<\/a><\/h3>\n<p style=\"text-align: center;\"><strong>T\u00e9l\u00e9phone :<\/strong> <a href=\"tel:1 207-745-2411\"><strong>+1 207-745-2411<\/strong><\/a><\/p>\n<p style=\"text-align: center;\"><strong>Email : <a href=\"mailto:Woodguywilley@gmail.com\">Woodguywilley@gmail.com<\/a><\/strong><\/p>\n<p style=\"text-align: center;\"><strong>Page Facebook\u00a0: <a href=\"https:\/\/www.facebook.com\/p\/Willeys-Firewood-and-Earthwork-LLC-100067836697370\/\">Willeys Firewood and Earthwork<\/a><\/strong><\/p>\n<p style=\"text-align: center;\"><strong>Cha\u00eene YouTube\u00a0: <a href=\"https:\/\/www.youtube.com\/@WilleysFirewood\">WilleysFirewood<\/a><\/strong><\/p>\n[\/vc_column_text][\/vc_column][\/vc_row]\n<\/div>","protected":false},"excerpt":{"rendered":"<p>[vc_row][vc_column][vc_column_text] Machines disponibles \u00e0 la location Besoin d&rsquo;une scie \u00e0 bois pour un projet \u00e0 court terme ou pour booster votre production en haute saison\u00a0? Les machines de location Cord King offrent des performances de pointe sans engagement \u00e0 long terme. B\u00e9n\u00e9ficiez de [&hellip;]<\/p>\n","protected":false},"author":25,"featured_media":0,"parent":0,"menu_order":0,"comment_status":"closed","ping_status":"closed","template":"","meta":{"_acf_changed":false,"footnotes":""},"class_list":["post-3445","page","type-page","status-publish","hentry"],"acf":[],"yoast_head":"<!-- This site is optimized with the Yoast SEO plugin v27.3 - https:\/\/yoast.com\/product\/yoast-seo-wordpress\/ -->\n<title>Machines de location - Cord King<\/title>\n<meta name=\"robots\" content=\"index, follow, max-snippet:-1, max-image-preview:large, max-video-preview:-1\" \/>\n<link rel=\"canonical\" href=\"https:\/\/cordking.ca\/fr\/machines-de-location\/\" \/>\n<meta property=\"og:locale\" content=\"fr_CA\" \/>\n<meta property=\"og:type\" content=\"article\" \/>\n<meta property=\"og:title\" content=\"Machines de location - Cord King\" \/>\n<meta property=\"og:description\" content=\"[vc_row][vc_column][vc_column_text] Machines disponibles \u00e0 la location Besoin d&rsquo;une scie \u00e0 bois pour un projet \u00e0 court terme ou pour booster votre production en haute saison\u00a0? Les machines de location Cord King offrent des performances de pointe sans engagement \u00e0 long terme. B\u00e9n\u00e9ficiez de [&hellip;]\" \/>\n<meta property=\"og:url\" content=\"https:\/\/cordking.ca\/fr\/machines-de-location\/\" \/>\n<meta property=\"og:site_name\" content=\"Cord King\" \/>\n<meta property=\"article:publisher\" content=\"https:\/\/www.facebook.com\/Cord-King-Canada-1842609599315117\/\" \/>\n<meta property=\"article:modified_time\" content=\"2026-04-10T13:17:07+00:00\" \/>\n<meta name=\"twitter:card\" content=\"summary_large_image\" \/>\n<meta name=\"twitter:label1\" content=\"Estimation du temps de lecture\" \/>\n\t<meta name=\"twitter:data1\" content=\"1 minute\" \/>\n<script type=\"application\/ld+json\" class=\"yoast-schema-graph\">{\"@context\":\"https:\\\/\\\/schema.org\",\"@graph\":[{\"@type\":\"WebPage\",\"@id\":\"https:\\\/\\\/cordking.ca\\\/fr\\\/machines-de-location\\\/\",\"url\":\"https:\\\/\\\/cordking.ca\\\/fr\\\/machines-de-location\\\/\",\"name\":\"Machines de location - Cord King\",\"isPartOf\":{\"@id\":\"https:\\\/\\\/cordking.ca\\\/#website\"},\"datePublished\":\"2025-10-14T14:49:26+00:00\",\"dateModified\":\"2026-04-10T13:17:07+00:00\",\"breadcrumb\":{\"@id\":\"https:\\\/\\\/cordking.ca\\\/fr\\\/machines-de-location\\\/#breadcrumb\"},\"inLanguage\":\"fr-CA\",\"potentialAction\":[{\"@type\":\"ReadAction\",\"target\":[\"https:\\\/\\\/cordking.ca\\\/fr\\\/machines-de-location\\\/\"]}]},{\"@type\":\"BreadcrumbList\",\"@id\":\"https:\\\/\\\/cordking.ca\\\/fr\\\/machines-de-location\\\/#breadcrumb\",\"itemListElement\":[{\"@type\":\"ListItem\",\"position\":1,\"name\":\"Home\",\"item\":\"https:\\\/\\\/cordking.ca\\\/fr\\\/\"},{\"@type\":\"ListItem\",\"position\":2,\"name\":\"Machines de location\"}]},{\"@type\":\"WebSite\",\"@id\":\"https:\\\/\\\/cordking.ca\\\/#website\",\"url\":\"https:\\\/\\\/cordking.ca\\\/\",\"name\":\"Cord King\",\"description\":\"\",\"potentialAction\":[{\"@type\":\"SearchAction\",\"target\":{\"@type\":\"EntryPoint\",\"urlTemplate\":\"https:\\\/\\\/cordking.ca\\\/?s={search_term_string}\"},\"query-input\":{\"@type\":\"PropertyValueSpecification\",\"valueRequired\":true,\"valueName\":\"search_term_string\"}}],\"inLanguage\":\"fr-CA\"}]}<\/script>\n<!-- \/ Yoast SEO plugin. -->","yoast_head_json":{"title":"Machines de location - Cord King","robots":{"index":"index","follow":"follow","max-snippet":"max-snippet:-1","max-image-preview":"max-image-preview:large","max-video-preview":"max-video-preview:-1"},"canonical":"https:\/\/cordking.ca\/fr\/machines-de-location\/","og_locale":"fr_CA","og_type":"article","og_title":"Machines de location - Cord King","og_description":"[vc_row][vc_column][vc_column_text] Machines disponibles \u00e0 la location Besoin d&rsquo;une scie \u00e0 bois pour un projet \u00e0 court terme ou pour booster votre production en haute saison\u00a0? Les machines de location Cord King offrent des performances de pointe sans engagement \u00e0 long terme. B\u00e9n\u00e9ficiez de [&hellip;]","og_url":"https:\/\/cordking.ca\/fr\/machines-de-location\/","og_site_name":"Cord King","article_publisher":"https:\/\/www.facebook.com\/Cord-King-Canada-1842609599315117\/","article_modified_time":"2026-04-10T13:17:07+00:00","twitter_card":"summary_large_image","twitter_misc":{"Estimation du temps de lecture":"1 minute"},"schema":{"@context":"https:\/\/schema.org","@graph":[{"@type":"WebPage","@id":"https:\/\/cordking.ca\/fr\/machines-de-location\/","url":"https:\/\/cordking.ca\/fr\/machines-de-location\/","name":"Machines de location - Cord King","isPartOf":{"@id":"https:\/\/cordking.ca\/#website"},"datePublished":"2025-10-14T14:49:26+00:00","dateModified":"2026-04-10T13:17:07+00:00","breadcrumb":{"@id":"https:\/\/cordking.ca\/fr\/machines-de-location\/#breadcrumb"},"inLanguage":"fr-CA","potentialAction":[{"@type":"ReadAction","target":["https:\/\/cordking.ca\/fr\/machines-de-location\/"]}]},{"@type":"BreadcrumbList","@id":"https:\/\/cordking.ca\/fr\/machines-de-location\/#breadcrumb","itemListElement":[{"@type":"ListItem","position":1,"name":"Home","item":"https:\/\/cordking.ca\/fr\/"},{"@type":"ListItem","position":2,"name":"Machines de location"}]},{"@type":"WebSite","@id":"https:\/\/cordking.ca\/#website","url":"https:\/\/cordking.ca\/","name":"Cord King","description":"","potentialAction":[{"@type":"SearchAction","target":{"@type":"EntryPoint","urlTemplate":"https:\/\/cordking.ca\/?s={search_term_string}"},"query-input":{"@type":"PropertyValueSpecification","valueRequired":true,"valueName":"search_term_string"}}],"inLanguage":"fr-CA"}]}},"_links":{"self":[{"href":"https:\/\/cordking.ca\/fr\/wp-json\/wp\/v2\/pages\/3445","targetHints":{"allow":["GET"]}}],"collection":[{"href":"https:\/\/cordking.ca\/fr\/wp-json\/wp\/v2\/pages"}],"about":[{"href":"https:\/\/cordking.ca\/fr\/wp-json\/wp\/v2\/types\/page"}],"author":[{"embeddable":true,"href":"https:\/\/cordking.ca\/fr\/wp-json\/wp\/v2\/users\/25"}],"replies":[{"embeddable":true,"href":"https:\/\/cordking.ca\/fr\/wp-json\/wp\/v2\/comments?post=3445"}],"version-history":[{"count":12,"href":"https:\/\/cordking.ca\/fr\/wp-json\/wp\/v2\/pages\/3445\/revisions"}],"predecessor-version":[{"id":3665,"href":"https:\/\/cordking.ca\/fr\/wp-json\/wp\/v2\/pages\/3445\/revisions\/3665"}],"wp:attachment":[{"href":"https:\/\/cordking.ca\/fr\/wp-json\/wp\/v2\/media?parent=3445"}],"curies":[{"name":"wp","href":"https:\/\/api.w.org\/{rel}","templated":true}]}}