{"id":1171,"date":"2016-12-22T16:28:46","date_gmt":"2016-12-22T21:28:46","guid":{"rendered":"https:\/\/cordking.ca\/thank-you\/"},"modified":"2017-02-07T11:21:04","modified_gmt":"2017-02-07T16:21:04","slug":"merci","status":"publish","type":"page","link":"https:\/\/cordking.ca\/fr\/merci\/","title":{"rendered":"Merci"},"content":{"rendered":"<div class=\"su-spacer\" style=\"height:100px\"><\/div>\n<h2 style=\"font-size: 4em; text-align: center;\">Merci de nous avoir contact\u00e9!<\/h2>\n<p style=\"font-size: 1.5em; text-align: center;\">Un de nos repr\u00e9sentants vous contactera sous peu.<\/p>\n<p style=\"font-size: 1.5em; text-align: center;\">N&rsquo;h\u00e9sitez pas \u00e0 nous appeler au\u00a0<a href=\"tel:18882199663\">1-888-219-9663<\/a>\u00a0si vous avez des questions.<\/p>\n<div class=\"su-spacer\" style=\"height:100px\"><\/div>\n","protected":false},"excerpt":{"rendered":"<p>Merci de nous avoir contact\u00e9! Un de nos repr\u00e9sentants vous contactera sous peu. N&rsquo;h\u00e9sitez pas \u00e0 nous appeler au\u00a01-888-219-9663\u00a0si vous avez des questions.<\/p>\n","protected":false},"author":25,"featured_media":0,"parent":0,"menu_order":0,"comment_status":"closed","ping_status":"closed","template":"","meta":{"_acf_changed":false,"footnotes":""},"class_list":["post-1171","page","type-page","status-publish","hentry"],"acf":[],"yoast_head":"<!-- This site is optimized with the Yoast SEO plugin v27.3 - https:\/\/yoast.com\/product\/yoast-seo-wordpress\/ -->\n<title>Merci - Cord King<\/title>\n<meta name=\"robots\" content=\"noindex, nofollow\" \/>\n<meta property=\"og:locale\" content=\"fr_CA\" \/>\n<meta property=\"og:type\" content=\"article\" \/>\n<meta property=\"og:title\" content=\"Merci - Cord King\" \/>\n<meta property=\"og:description\" content=\"Merci de nous avoir contact\u00e9! Un de nos repr\u00e9sentants vous contactera sous peu. N&rsquo;h\u00e9sitez pas \u00e0 nous appeler au\u00a01-888-219-9663\u00a0si vous avez des questions.\" \/>\n<meta property=\"og:url\" content=\"https:\/\/cordking.ca\/fr\/merci\/\" \/>\n<meta property=\"og:site_name\" content=\"Cord King\" \/>\n<meta property=\"article:publisher\" content=\"https:\/\/www.facebook.com\/Cord-King-Canada-1842609599315117\/\" \/>\n<meta property=\"article:modified_time\" content=\"2017-02-07T16:21:04+00:00\" \/>\n<meta name=\"twitter:card\" content=\"summary_large_image\" \/>\n<script type=\"application\/ld+json\" class=\"yoast-schema-graph\">{\"@context\":\"https:\\\/\\\/schema.org\",\"@graph\":[{\"@type\":\"WebPage\",\"@id\":\"https:\\\/\\\/cordking.ca\\\/fr\\\/merci\\\/\",\"url\":\"https:\\\/\\\/cordking.ca\\\/fr\\\/merci\\\/\",\"name\":\"Merci - Cord King\",\"isPartOf\":{\"@id\":\"https:\\\/\\\/cordking.ca\\\/#website\"},\"datePublished\":\"2016-12-22T21:28:46+00:00\",\"dateModified\":\"2017-02-07T16:21:04+00:00\",\"breadcrumb\":{\"@id\":\"https:\\\/\\\/cordking.ca\\\/fr\\\/merci\\\/#breadcrumb\"},\"inLanguage\":\"fr-CA\",\"potentialAction\":[{\"@type\":\"ReadAction\",\"target\":[\"https:\\\/\\\/cordking.ca\\\/fr\\\/merci\\\/\"]}]},{\"@type\":\"BreadcrumbList\",\"@id\":\"https:\\\/\\\/cordking.ca\\\/fr\\\/merci\\\/#breadcrumb\",\"itemListElement\":[{\"@type\":\"ListItem\",\"position\":1,\"name\":\"Home\",\"item\":\"https:\\\/\\\/cordking.ca\\\/fr\\\/\"},{\"@type\":\"ListItem\",\"position\":2,\"name\":\"Merci\"}]},{\"@type\":\"WebSite\",\"@id\":\"https:\\\/\\\/cordking.ca\\\/#website\",\"url\":\"https:\\\/\\\/cordking.ca\\\/\",\"name\":\"Cord King\",\"description\":\"\",\"potentialAction\":[{\"@type\":\"SearchAction\",\"target\":{\"@type\":\"EntryPoint\",\"urlTemplate\":\"https:\\\/\\\/cordking.ca\\\/?s={search_term_string}\"},\"query-input\":{\"@type\":\"PropertyValueSpecification\",\"valueRequired\":true,\"valueName\":\"search_term_string\"}}],\"inLanguage\":\"fr-CA\"}]}<\/script>\n<!-- \/ Yoast SEO plugin. -->","yoast_head_json":{"title":"Merci - Cord King","robots":{"index":"noindex","follow":"nofollow"},"og_locale":"fr_CA","og_type":"article","og_title":"Merci - Cord King","og_description":"Merci de nous avoir contact\u00e9! Un de nos repr\u00e9sentants vous contactera sous peu. N&rsquo;h\u00e9sitez pas \u00e0 nous appeler au\u00a01-888-219-9663\u00a0si vous avez des questions.","og_url":"https:\/\/cordking.ca\/fr\/merci\/","og_site_name":"Cord King","article_publisher":"https:\/\/www.facebook.com\/Cord-King-Canada-1842609599315117\/","article_modified_time":"2017-02-07T16:21:04+00:00","twitter_card":"summary_large_image","schema":{"@context":"https:\/\/schema.org","@graph":[{"@type":"WebPage","@id":"https:\/\/cordking.ca\/fr\/merci\/","url":"https:\/\/cordking.ca\/fr\/merci\/","name":"Merci - Cord King","isPartOf":{"@id":"https:\/\/cordking.ca\/#website"},"datePublished":"2016-12-22T21:28:46+00:00","dateModified":"2017-02-07T16:21:04+00:00","breadcrumb":{"@id":"https:\/\/cordking.ca\/fr\/merci\/#breadcrumb"},"inLanguage":"fr-CA","potentialAction":[{"@type":"ReadAction","target":["https:\/\/cordking.ca\/fr\/merci\/"]}]},{"@type":"BreadcrumbList","@id":"https:\/\/cordking.ca\/fr\/merci\/#breadcrumb","itemListElement":[{"@type":"ListItem","position":1,"name":"Home","item":"https:\/\/cordking.ca\/fr\/"},{"@type":"ListItem","position":2,"name":"Merci"}]},{"@type":"WebSite","@id":"https:\/\/cordking.ca\/#website","url":"https:\/\/cordking.ca\/","name":"Cord King","description":"","potentialAction":[{"@type":"SearchAction","target":{"@type":"EntryPoint","urlTemplate":"https:\/\/cordking.ca\/?s={search_term_string}"},"query-input":{"@type":"PropertyValueSpecification","valueRequired":true,"valueName":"search_term_string"}}],"inLanguage":"fr-CA"}]}},"_links":{"self":[{"href":"https:\/\/cordking.ca\/fr\/wp-json\/wp\/v2\/pages\/1171","targetHints":{"allow":["GET"]}}],"collection":[{"href":"https:\/\/cordking.ca\/fr\/wp-json\/wp\/v2\/pages"}],"about":[{"href":"https:\/\/cordking.ca\/fr\/wp-json\/wp\/v2\/types\/page"}],"author":[{"embeddable":true,"href":"https:\/\/cordking.ca\/fr\/wp-json\/wp\/v2\/users\/25"}],"replies":[{"embeddable":true,"href":"https:\/\/cordking.ca\/fr\/wp-json\/wp\/v2\/comments?post=1171"}],"version-history":[{"count":3,"href":"https:\/\/cordking.ca\/fr\/wp-json\/wp\/v2\/pages\/1171\/revisions"}],"predecessor-version":[{"id":1212,"href":"https:\/\/cordking.ca\/fr\/wp-json\/wp\/v2\/pages\/1171\/revisions\/1212"}],"wp:attachment":[{"href":"https:\/\/cordking.ca\/fr\/wp-json\/wp\/v2\/media?parent=1171"}],"curies":[{"name":"wp","href":"https:\/\/api.w.org\/{rel}","templated":true}]}}