{"id":1166,"date":"2016-11-29T10:32:13","date_gmt":"2016-11-29T15:32:13","guid":{"rendered":"https:\/\/cordking.ca\/privacy-policy\/"},"modified":"2017-02-06T14:28:06","modified_gmt":"2017-02-06T19:28:06","slug":"politiques-sur-la-vie-privee","status":"publish","type":"page","link":"https:\/\/cordking.ca\/fr\/politiques-sur-la-vie-privee\/","title":{"rendered":"Politiques sur la vie priv\u00e9e"},"content":{"rendered":"<h3>Quelles sont les informations que nous recueillons?<\/h3>\n<p>Nous recueillons certaines informations personnelles que vous nous transmettez lorsque vous vous enregistrez sur notre site web, placez une commande, souscrivez \u00e0 notre bulletin de nouvelles, r\u00e9pondez \u00e0 un sondage ou lorsque vous remplissez un formulaire.<\/p>\n<p>Lorsque vous commandez ou que vous vous enregistrez sur notre site, lorsqu\u2019appropri\u00e9, il est possible que l\u2019on vous demande d\u2019entrer votre: nom, adresse courriel, adresse postale, num\u00e9ro de t\u00e9l\u00e9phone ou les informations de votre carte de cr\u00e9dit. Vous pouvez, toutefois, visiter notre site de mani\u00e8re anonyme.<\/p>\n<p>Google, en temps que tierce partie ind\u00e9pendante, utilise des cookies pour vous afficher des annonces sur votre ordinateur. Google utilise les cookies DART, ce qui leur permet d\u2019afficher des annonces \u00e0 nos visiteurs bas\u00e9es sur leur visite sur notre site web ainsi que sur d\u2019autres sites web. Les visiteurs peuvent renoncer \u00e0 l\u2019utilisation par Google des cookies DART en visitant les param\u00e8tres de confidentialit\u00e9 et de contenu r\u00e9seau de Google.<\/p>\n<h3>Qu\u2019est-ce que nous faisons de votre information?<\/h3>\n<p>Toute l\u2019information que nous recueillons de vous peut \u00eatre utilis\u00e9e \u00e0 une ou plusieurs des fins suivantes:<br \/>\n<div class=\"su-list\" style=\"margin-left:0px\">\n<ul>\n<li><i class=\"sui sui-chevron-right\" style=\"color:#FFAF18\"><\/i> Pour personnaliser votre exp\u00e9rience\u2028(votre information nous aide \u00e0 mieux r\u00e9pondre \u00e0 vos besoins individuels de navigation)<\/li>\n<li><i class=\"sui sui-chevron-right\" style=\"color:#FFAF18\"><\/i> Pour am\u00e9liorer notre site web\u2028(nous nous effor\u00e7ons continuellement d\u2019am\u00e9liorer notre site web bas\u00e9 sur l\u2019information ainsi que sur les commentaires que nous recevons de votre part)<\/li>\n<li><i class=\"sui sui-chevron-right\" style=\"color:#FFAF18\"><\/i> Pour peaufiner notre service \u00e0 la client\u00e8le\u2028(votre information nous aide \u00e0 r\u00e9pondre \u00e0 vos demandes de service \u00e0 la client\u00e8le de mani\u00e8re plus efficace et de mieux r\u00e9pondre \u00e0 vos besoins de soutien)<\/li>\n<li><i class=\"sui sui-chevron-right\" style=\"color:#FFAF18\"><\/i> Pour compl\u00e9ter une transaction<\/li>\n<li><i class=\"sui sui-chevron-right\" style=\"color:#FFAF18\"><\/i> Votre information, qu\u2019elle soit d\u2019ordre publique ou priv\u00e9e, ne sera pas vendue, \u00e9chang\u00e9e, transf\u00e9r\u00e9e, ou donn\u00e9e \u00e0 une autre entreprise pour quelque raison que ce soit, sans votre autorisation, autre que pour la raison expresse d\u2019exp\u00e9dier les produit ou service que vous avez achet\u00e9s ou demand\u00e9s.<\/li>\n<li><i class=\"sui sui-chevron-right\" style=\"color:#FFAF18\"><\/i> Pour administrer un concours, une promotion, un sondage ou une autre fonctionnalit\u00e9 de notre site\u2028- Pour envoyer des courriels p\u00e9riodiques<\/li>\n<li><i class=\"sui sui-chevron-right\" style=\"color:#FFAF18\"><\/i> L\u2019adresse courriel que vous nous soumettez lorsque vous passez une commande peut \u00eatre utilis\u00e9e pour vous faire parvenir de l\u2019information et des mises \u00e0 jour relatives \u00e0 votre commande si vous nous donnez la permission de l\u2019utiliser \u00e0 ces fins, en plus de recevoir des courriels occasionnels de notre part concernant des nouvelles de notre compagnie, des mises \u00e0 jour, des informations sur des produits ou services de notre entreprise, etc.<\/li>\n<\/ul>\n<\/div>\n<div class=\"su-note\"  style=\"border-color:#e2d39b;border-radius:3px;-moz-border-radius:3px;-webkit-border-radius:3px;\"><div class=\"su-note-inner su-u-clearfix su-u-trim\" style=\"background-color:#FCEDB5;border-color:#ffffff;color:#333333;border-radius:3px;-moz-border-radius:3px;-webkit-border-radius:3px;\">Note: Si vous d\u00e9sirez, \u00e0 n\u2019importe quel moment, vous d\u00e9sabonner \u00e0 notre liste d\u2019envoi afin de ne plus recevoir de courriels ult\u00e9rieurs, nous incluons dans le bas de chacun de nos courriel envoy\u00e9 des instructions d\u00e9taill\u00e9s pour vous d\u00e9sabonner.<\/div><\/div>\n<h3>Comment nous prot\u00e9geons votre information?<\/h3>\n<p>Nous avons impl\u00e9ment\u00e9 une vari\u00e9t\u00e9 de mesures de s\u00e9curit\u00e9 afin de maintenir vos informations personnelles de mani\u00e8re s\u00e9curitaire lorsque vous placez une commande ou entrez, soumettez, ou acc\u00e9dez \u00e0 vos informations personnelles.<\/p>\n<p>Nous offrons l\u2019utilisation d\u2019un serveur s\u00e9curis\u00e9. Tous renseignements de nature d\u00e9licate \/ informations bancaires ou de cartes de cr\u00e9dit sont transmises via la technologie d\u2019\u00e9change s\u00e9curis\u00e9 (Secure Socket Layer ou SSL) et sont par la suite crypt\u00e9s dans les bases de donn\u00e9es de nos fournisseurs de passerelles de paiement et sont accessibles seulement \u00e0 ceux qui sont autoris\u00e9s avec des droits d\u2019acc\u00e9s sp\u00e9ciaux et privil\u00e9gi\u00e9s \u00e0 ces syst\u00e8mes, et sont tenus de conserver ces informations de mani\u00e8re strictement confidentielle.<\/p>\n<p>Une fois une transaction compl\u00e9t\u00e9e, vos informations priv\u00e9s (cartes de cr\u00e9dit, num\u00e9ro d\u2019assurance social, \u00e9tats financiers, etc.) ne seront pas conserv\u00e9s sur nos serveurs.<\/p>\n<h3>Utilisons-nous des cookies?<\/h3>\n<p>Oui. Les cookies sont de petits fichiers qu\u2019une site web ou son fournisseur de service transf\u00e8rent sur le disque dur de vos ordinateurs \u00e0 travers de votre fureteur web (si vous les allouer) ce qui permet aux sites web et aux syst\u00e8mes des fournisseurs de services de reconna\u00eetre votre fureteur et de capturer ou de se rappeler de certaines informations.\u2028Cookies are small files that a site or its service provider transfers to your computers hard drive through your Web browser (if you allow) that enables the sites or service providers systems to recognize your browser and capture and remember certain information.<\/p>\n<p>Nous utilisons les cookies pour nous aider \u00e0 nous rappelez et afin de proc\u00e9der aux transactions reli\u00e9s aux items qui se retrouvent dans votre panier d\u2019achat en ligne.<\/p>\n<h3>Est-ce que nous divulguons quelques informations que ce soit \u00e0 de tierces parties?<\/h3>\n<p>Nous ne vendons, n\u2019\u00e9changeons et ne transf\u00e9rons pas les informations permettant de vous identifier \u00e0 de tierces parties. Ceci n\u2019inclut pas les tierces parties en qui nous faisons confiance afin de nous assister \u00e0 op\u00e9rer notre site web, mener nos affaires quotidiennes, ou pour vous servir, tant et aussi longtemps que ces parties tierces sont en accord avec les termes de confidentialit\u00e9 impos\u00e9s. Nous pouvons \u00e9galement divulguer vos informations lorsque nous avons des motifs de croire qu\u2019il est appropri\u00e9 de le faire afin de se conformer \u00e0 des exigences de la loi, \u00e0 des fins d\u2019application des politiques de notre site, ou pour prot\u00e9ger nos droits ou ceux d\u2019autrui, notre ou leur propri\u00e9t\u00e9s ou notre ou leur s\u00e9curit\u00e9.<\/p>\n<h3>Liens avec des parties tierces<\/h3>\n<p>Occasionnellement et \u00e0 notre enti\u00e8re discr\u00e9tion, nous pouvons inclure des offres ou des produits ou services de tierces parties sur notre site web. Les sites web de ces tierces parties sont enti\u00e8rement s\u00e9par\u00e9s et ind\u00e9pendant de nos politiques de confidentialit\u00e9. Par cons\u00e9quent, nous ne pouvons \u00eatre tenu responsable du contenu et des activit\u00e9 de ces sites li\u00e9s. Toutefois, nous cherchons toujours \u00e0 prot\u00e9ger l\u2019int\u00e9grit\u00e9 de notre site et nous vous invitons \u00e0 nous faire part de tout souci ou commentaire face \u00e0 ces sites.<\/p>\n<h3>Votre consentement<\/h3>\n<p>En utilisant ce site, en tout ou en partie, vous consentez \u00e0 nos politiques de confidentialit\u00e9.<\/p>\n<h3>Changement aux politiques de confidentialit\u00e9<\/h3>\n<p>Si nous d\u00e9cidons de changer nos politiques de confidentialit\u00e9, nous le ferons en les changeant sur cette page directement sans qu\u2019un avis ne vous soit envoy\u00e9.<\/p>\n","protected":false},"excerpt":{"rendered":"<p>Quelles sont les informations que nous recueillons? Nous recueillons certaines informations personnelles que vous nous transmettez lorsque vous vous enregistrez sur notre site web, placez une commande, souscrivez \u00e0 notre bulletin de nouvelles, r\u00e9pondez \u00e0 un sondage ou lorsque vous remplissez un formulaire. [&hellip;]<\/p>\n","protected":false},"author":25,"featured_media":0,"parent":0,"menu_order":0,"comment_status":"closed","ping_status":"closed","template":"","meta":{"_acf_changed":false,"footnotes":""},"class_list":["post-1166","page","type-page","status-publish","hentry"],"acf":[],"yoast_head":"<!-- This site is optimized with the Yoast SEO plugin v27.3 - https:\/\/yoast.com\/product\/yoast-seo-wordpress\/ -->\n<title>Politiques sur la vie priv\u00e9e - Cord King<\/title>\n<meta name=\"robots\" content=\"index, follow, max-snippet:-1, max-image-preview:large, max-video-preview:-1\" \/>\n<link rel=\"canonical\" href=\"https:\/\/cordking.ca\/fr\/politiques-sur-la-vie-privee\/\" \/>\n<meta property=\"og:locale\" content=\"fr_CA\" \/>\n<meta property=\"og:type\" content=\"article\" \/>\n<meta property=\"og:title\" content=\"Politiques sur la vie priv\u00e9e - Cord King\" \/>\n<meta property=\"og:description\" content=\"Quelles sont les informations que nous recueillons? Nous recueillons certaines informations personnelles que vous nous transmettez lorsque vous vous enregistrez sur notre site web, placez une commande, souscrivez \u00e0 notre bulletin de nouvelles, r\u00e9pondez \u00e0 un sondage ou lorsque vous remplissez un formulaire. [&hellip;]\" \/>\n<meta property=\"og:url\" content=\"https:\/\/cordking.ca\/fr\/politiques-sur-la-vie-privee\/\" \/>\n<meta property=\"og:site_name\" content=\"Cord King\" \/>\n<meta property=\"article:publisher\" content=\"https:\/\/www.facebook.com\/Cord-King-Canada-1842609599315117\/\" \/>\n<meta property=\"article:modified_time\" content=\"2017-02-06T19:28:06+00:00\" \/>\n<meta name=\"twitter:card\" content=\"summary_large_image\" \/>\n<meta name=\"twitter:label1\" content=\"Estimation du temps de lecture\" \/>\n\t<meta name=\"twitter:data1\" content=\"5 minutes\" \/>\n<script type=\"application\/ld+json\" class=\"yoast-schema-graph\">{\"@context\":\"https:\\\/\\\/schema.org\",\"@graph\":[{\"@type\":\"WebPage\",\"@id\":\"https:\\\/\\\/cordking.ca\\\/fr\\\/politiques-sur-la-vie-privee\\\/\",\"url\":\"https:\\\/\\\/cordking.ca\\\/fr\\\/politiques-sur-la-vie-privee\\\/\",\"name\":\"Politiques sur la vie priv\u00e9e - Cord King\",\"isPartOf\":{\"@id\":\"https:\\\/\\\/cordking.ca\\\/#website\"},\"datePublished\":\"2016-11-29T15:32:13+00:00\",\"dateModified\":\"2017-02-06T19:28:06+00:00\",\"breadcrumb\":{\"@id\":\"https:\\\/\\\/cordking.ca\\\/fr\\\/politiques-sur-la-vie-privee\\\/#breadcrumb\"},\"inLanguage\":\"fr-CA\",\"potentialAction\":[{\"@type\":\"ReadAction\",\"target\":[\"https:\\\/\\\/cordking.ca\\\/fr\\\/politiques-sur-la-vie-privee\\\/\"]}]},{\"@type\":\"BreadcrumbList\",\"@id\":\"https:\\\/\\\/cordking.ca\\\/fr\\\/politiques-sur-la-vie-privee\\\/#breadcrumb\",\"itemListElement\":[{\"@type\":\"ListItem\",\"position\":1,\"name\":\"Home\",\"item\":\"https:\\\/\\\/cordking.ca\\\/fr\\\/\"},{\"@type\":\"ListItem\",\"position\":2,\"name\":\"Politiques sur la vie priv\u00e9e\"}]},{\"@type\":\"WebSite\",\"@id\":\"https:\\\/\\\/cordking.ca\\\/#website\",\"url\":\"https:\\\/\\\/cordking.ca\\\/\",\"name\":\"Cord King\",\"description\":\"\",\"potentialAction\":[{\"@type\":\"SearchAction\",\"target\":{\"@type\":\"EntryPoint\",\"urlTemplate\":\"https:\\\/\\\/cordking.ca\\\/?s={search_term_string}\"},\"query-input\":{\"@type\":\"PropertyValueSpecification\",\"valueRequired\":true,\"valueName\":\"search_term_string\"}}],\"inLanguage\":\"fr-CA\"}]}<\/script>\n<!-- \/ Yoast SEO plugin. -->","yoast_head_json":{"title":"Politiques sur la vie priv\u00e9e - Cord King","robots":{"index":"index","follow":"follow","max-snippet":"max-snippet:-1","max-image-preview":"max-image-preview:large","max-video-preview":"max-video-preview:-1"},"canonical":"https:\/\/cordking.ca\/fr\/politiques-sur-la-vie-privee\/","og_locale":"fr_CA","og_type":"article","og_title":"Politiques sur la vie priv\u00e9e - Cord King","og_description":"Quelles sont les informations que nous recueillons? Nous recueillons certaines informations personnelles que vous nous transmettez lorsque vous vous enregistrez sur notre site web, placez une commande, souscrivez \u00e0 notre bulletin de nouvelles, r\u00e9pondez \u00e0 un sondage ou lorsque vous remplissez un formulaire. [&hellip;]","og_url":"https:\/\/cordking.ca\/fr\/politiques-sur-la-vie-privee\/","og_site_name":"Cord King","article_publisher":"https:\/\/www.facebook.com\/Cord-King-Canada-1842609599315117\/","article_modified_time":"2017-02-06T19:28:06+00:00","twitter_card":"summary_large_image","twitter_misc":{"Estimation du temps de lecture":"5 minutes"},"schema":{"@context":"https:\/\/schema.org","@graph":[{"@type":"WebPage","@id":"https:\/\/cordking.ca\/fr\/politiques-sur-la-vie-privee\/","url":"https:\/\/cordking.ca\/fr\/politiques-sur-la-vie-privee\/","name":"Politiques sur la vie priv\u00e9e - Cord King","isPartOf":{"@id":"https:\/\/cordking.ca\/#website"},"datePublished":"2016-11-29T15:32:13+00:00","dateModified":"2017-02-06T19:28:06+00:00","breadcrumb":{"@id":"https:\/\/cordking.ca\/fr\/politiques-sur-la-vie-privee\/#breadcrumb"},"inLanguage":"fr-CA","potentialAction":[{"@type":"ReadAction","target":["https:\/\/cordking.ca\/fr\/politiques-sur-la-vie-privee\/"]}]},{"@type":"BreadcrumbList","@id":"https:\/\/cordking.ca\/fr\/politiques-sur-la-vie-privee\/#breadcrumb","itemListElement":[{"@type":"ListItem","position":1,"name":"Home","item":"https:\/\/cordking.ca\/fr\/"},{"@type":"ListItem","position":2,"name":"Politiques sur la vie priv\u00e9e"}]},{"@type":"WebSite","@id":"https:\/\/cordking.ca\/#website","url":"https:\/\/cordking.ca\/","name":"Cord King","description":"","potentialAction":[{"@type":"SearchAction","target":{"@type":"EntryPoint","urlTemplate":"https:\/\/cordking.ca\/?s={search_term_string}"},"query-input":{"@type":"PropertyValueSpecification","valueRequired":true,"valueName":"search_term_string"}}],"inLanguage":"fr-CA"}]}},"_links":{"self":[{"href":"https:\/\/cordking.ca\/fr\/wp-json\/wp\/v2\/pages\/1166","targetHints":{"allow":["GET"]}}],"collection":[{"href":"https:\/\/cordking.ca\/fr\/wp-json\/wp\/v2\/pages"}],"about":[{"href":"https:\/\/cordking.ca\/fr\/wp-json\/wp\/v2\/types\/page"}],"author":[{"embeddable":true,"href":"https:\/\/cordking.ca\/fr\/wp-json\/wp\/v2\/users\/25"}],"replies":[{"embeddable":true,"href":"https:\/\/cordking.ca\/fr\/wp-json\/wp\/v2\/comments?post=1166"}],"version-history":[{"count":3,"href":"https:\/\/cordking.ca\/fr\/wp-json\/wp\/v2\/pages\/1166\/revisions"}],"predecessor-version":[{"id":1170,"href":"https:\/\/cordking.ca\/fr\/wp-json\/wp\/v2\/pages\/1166\/revisions\/1170"}],"wp:attachment":[{"href":"https:\/\/cordking.ca\/fr\/wp-json\/wp\/v2\/media?parent=1166"}],"curies":[{"name":"wp","href":"https:\/\/api.w.org\/{rel}","templated":true}]}}