{"id":1164,"date":"2016-11-29T10:32:30","date_gmt":"2016-11-29T15:32:30","guid":{"rendered":"https:\/\/cordking.ca\/terms-conditions\/"},"modified":"2017-02-07T16:31:33","modified_gmt":"2017-02-07T21:31:33","slug":"termes-et-conditions","status":"publish","type":"page","link":"https:\/\/cordking.ca\/fr\/termes-et-conditions\/","title":{"rendered":"Termes et conditions"},"content":{"rendered":"<h3>1. Modalit\u00e9s et conditions de l\u2019utilisation du site Web<\/h3>\n<p>Bienvenue et merci de votre visite au site Web de Cord King vous offre le pr\u00e9sent site Web, sujet aux modalit\u00e9s et conditions \u00e9nonc\u00e9es ci-dessous, lesquelles peuvent \u00eatre mises \u00e0 jour \u00e0 l\u2019occasion sans pr\u00e9avis par Cord King. En utilisant ce site Web, vous signifiez votre acceptation des modalit\u00e9s et conditions qui suivent.<\/p>\n<h3>2. Exon\u00e9ration de responsabilit\u00e9<\/h3>\n<p>Ce site Web, son organisation et sa conception, ainsi que tous les renseignements, images, illustrations, textes, tout ce qui se rapporte au vid\u00e9o et \u00e0 l\u2019audio, toutes les photos et tout autre mat\u00e9riel qu\u2019il contient (constituant ensemble le \u00abContenu\u00bb), sont fournis \u00abtels quels\u00bb. Le Contenu \u00e9tait suppos\u00e9 exact au moment o\u00f9 il a \u00e9t\u00e9 affich\u00e9 sur le site. Mais il se peut que ce contenu ne soit pas exact, complet, ou mis \u00e0 jour. Cord King ne pr\u00e9tend aucunement ni ne garantit, de fa\u00e7on expresse ou implicite, le contenu ou le fonctionnement de ce site Web<\/p>\n<h3>3. S\u00e9curit\u00e9<\/h3>\n<p>Il se peut que vos communications par courriel avec Cord King ne soient pas s\u00e9curis\u00e9es. Nous vous sugg\u00e9rons de chiffrer tous vos courriels pour mieux s\u00e9curiser vos communications avec nous.<\/p>\n<h3>4. Limites de responsabilit\u00e9<\/h3>\n<p>Cord King ne seront pas responsables envers vous, ni envers quelque autre personne, de quelque dommage que ce soit, y compris, mais non exclusivement, les dommages indirects, sp\u00e9ciaux, cons\u00e9cutifs ou accessoires, les pertes de profits, les pertes dues \u00e0 l\u2019interruption d\u2019activit\u00e9, ou quelque autre dommage se rapportant, directement ou indirectement, \u00e0 votre utilisation de ce site Web ou de son contenu.<\/p>\n<h3>5. Droit d\u2019auteur<\/h3>\n<p>Le contenu et le droit d\u2019auteur relatifs au Contenu de ce site Web sont la propri\u00e9t\u00e9 de Cord King. Vous pouvez t\u00e9l\u00e9charger des renseignements du site Web pour votre usage personnel, non commercial. Vous pouvez pas, par ailleurs, copier, reproduire, republier, afficher, transmettre, pr\u00e9senter, encadrer sur une autre page Web, faire, distribuer, modifier ou cr\u00e9er des \u0153uvres d\u00e9riv\u00e9es du Contenu sans avoir notre consentement pr\u00e9alable par \u00e9crit.<\/p>\n<h3>6. Marques de commerce<\/h3>\n<p>\u00ab\u00a0Cord King\u00a0\u00bb, le logo de Cord King, ainsi que toutes les autres marques de commerce et appellations commerciales de Cord King qui apparaissent sur ce site Web sont la propri\u00e9t\u00e9 de Cord King. Sauf indication contraire, toutes les autres marques de commerce apparaissant sur ce site sont la propri\u00e9t\u00e9 de tierces parties et sont utilis\u00e9es par Cord King sous licence.<\/p>\n<h3>7. Confidentialit\u00e9<\/h3>\n<p>Cord King respecte votre vie priv\u00e9e. Vous pouvez utiliser ce site Web sans fournir quelque renseignement que ce soit \u00e0 votre sujet. Si nous vous demandons de nous fournir des renseignements personnels, nous vous indiquerons \u00e0 quoi serviront lesdits renseignements. Nous ne cueillerons, n\u2019utiliserons, ni ne divulguerons pas ces renseignements sans votre consentement, non plus que nous n\u2019utiliserons ni ne divulguerons ces renseignements pour quelque autre motif sans votre consentement. Pour en conna\u00eetre plus sur notre politique de confidentialit\u00e9, veuillez cliquer ici<\/p>\n<h3>8. Liens<\/h3>\n<p>Les sites qui sont li\u00e9s \u00e0 partir de ce site Web ne sont pas sous notre contr\u00f4le. Cord King n\u2019assume aucune responsabilit\u00e9 pour les communications ni pour aucun autre document sur ces sites li\u00e9s. Tous ces liens ne vous sont fournis que pour vous accommoder; ils ne signifient nullement que Cord King les appuie ni qu\u2019il les recommande. Si vous d\u00e9sirez cr\u00e9er un lien de notre site Web \u00e0 partir du v\u00f4tre, vous devez cr\u00e9er ce lien \u00e0 la page d\u2019accueil \u00e0 l\u2019adresse de notre site Web, <a href=\"https:\/\/cordking.ca\">https:\/\/cordking.ca<\/a>. Vous ne devez pas utiliser d\u2019ic\u00f4nes ou de logos de Cord King de notre site Web sans notre consentement explicite par \u00e9crit. De plus, votre lien ne doit pas sugg\u00e9rer que Cord King vous accorde ou accorde \u00e0 votre site Web quelque appui ou approbation que ce soit, ni qu\u2019il y est affili\u00e9.<\/p>\n<h3>9. Autres conventions<\/h3>\n<p>Dans le cas d\u2019un conflit entre la pr\u00e9sente convention et toute autre convention entre vous ou votre entreprise et Cord King, cette derni\u00e8re convention pr\u00e9vaudra.<\/p>\n<h3>10. G\u00e9n\u00e9ral<\/h3>\n<p>Cord King peut modifier les conditions de la pr\u00e9sente convention en tout temps sans pr\u00e9avis. Vous devriez, par cons\u00e9quent, visiter notre site Web de fa\u00e7on r\u00e9guli\u00e8re afin de prendre connaissance de toute modification aux conditions d\u2019utilisation de notre site Web. Si quelque partie de ces conditions s\u2019av\u00e8re ill\u00e9gale, nulle ou pour quelque raison inex\u00e9cutoire, alors cette partie est r\u00e9pt\u00e9e s\u00e9par\u00e9e et n\u2019a aucun effet sur la validit\u00e9 ou l\u2019ex\u00e9cution des autres conditions.<\/p>\n","protected":false},"excerpt":{"rendered":"<p>1. Modalit\u00e9s et conditions de l\u2019utilisation du site Web Bienvenue et merci de votre visite au site Web de Cord King vous offre le pr\u00e9sent site Web, sujet aux modalit\u00e9s et conditions \u00e9nonc\u00e9es ci-dessous, lesquelles peuvent \u00eatre mises \u00e0 jour \u00e0 l\u2019occasion sans [&hellip;]<\/p>\n","protected":false},"author":25,"featured_media":0,"parent":0,"menu_order":0,"comment_status":"closed","ping_status":"closed","template":"","meta":{"_acf_changed":false,"footnotes":""},"class_list":["post-1164","page","type-page","status-publish","hentry"],"acf":[],"yoast_head":"<!-- This site is optimized with the Yoast SEO plugin v27.3 - https:\/\/yoast.com\/product\/yoast-seo-wordpress\/ -->\n<title>Termes et conditions - Cord King<\/title>\n<meta name=\"robots\" content=\"index, follow, max-snippet:-1, max-image-preview:large, max-video-preview:-1\" \/>\n<link rel=\"canonical\" href=\"https:\/\/cordking.ca\/fr\/termes-et-conditions\/\" \/>\n<meta property=\"og:locale\" content=\"fr_CA\" \/>\n<meta property=\"og:type\" content=\"article\" \/>\n<meta property=\"og:title\" content=\"Termes et conditions - Cord King\" \/>\n<meta property=\"og:description\" content=\"1. Modalit\u00e9s et conditions de l\u2019utilisation du site Web Bienvenue et merci de votre visite au site Web de Cord King vous offre le pr\u00e9sent site Web, sujet aux modalit\u00e9s et conditions \u00e9nonc\u00e9es ci-dessous, lesquelles peuvent \u00eatre mises \u00e0 jour \u00e0 l\u2019occasion sans [&hellip;]\" \/>\n<meta property=\"og:url\" content=\"https:\/\/cordking.ca\/fr\/termes-et-conditions\/\" \/>\n<meta property=\"og:site_name\" content=\"Cord King\" \/>\n<meta property=\"article:publisher\" content=\"https:\/\/www.facebook.com\/Cord-King-Canada-1842609599315117\/\" \/>\n<meta property=\"article:modified_time\" content=\"2017-02-07T21:31:33+00:00\" \/>\n<meta name=\"twitter:card\" content=\"summary_large_image\" \/>\n<meta name=\"twitter:label1\" content=\"Estimation du temps de lecture\" \/>\n\t<meta name=\"twitter:data1\" content=\"4 minutes\" \/>\n<script type=\"application\/ld+json\" class=\"yoast-schema-graph\">{\"@context\":\"https:\\\/\\\/schema.org\",\"@graph\":[{\"@type\":\"WebPage\",\"@id\":\"https:\\\/\\\/cordking.ca\\\/fr\\\/termes-et-conditions\\\/\",\"url\":\"https:\\\/\\\/cordking.ca\\\/fr\\\/termes-et-conditions\\\/\",\"name\":\"Termes et conditions - Cord King\",\"isPartOf\":{\"@id\":\"https:\\\/\\\/cordking.ca\\\/#website\"},\"datePublished\":\"2016-11-29T15:32:30+00:00\",\"dateModified\":\"2017-02-07T21:31:33+00:00\",\"breadcrumb\":{\"@id\":\"https:\\\/\\\/cordking.ca\\\/fr\\\/termes-et-conditions\\\/#breadcrumb\"},\"inLanguage\":\"fr-CA\",\"potentialAction\":[{\"@type\":\"ReadAction\",\"target\":[\"https:\\\/\\\/cordking.ca\\\/fr\\\/termes-et-conditions\\\/\"]}]},{\"@type\":\"BreadcrumbList\",\"@id\":\"https:\\\/\\\/cordking.ca\\\/fr\\\/termes-et-conditions\\\/#breadcrumb\",\"itemListElement\":[{\"@type\":\"ListItem\",\"position\":1,\"name\":\"Home\",\"item\":\"https:\\\/\\\/cordking.ca\\\/fr\\\/\"},{\"@type\":\"ListItem\",\"position\":2,\"name\":\"Termes et conditions\"}]},{\"@type\":\"WebSite\",\"@id\":\"https:\\\/\\\/cordking.ca\\\/#website\",\"url\":\"https:\\\/\\\/cordking.ca\\\/\",\"name\":\"Cord King\",\"description\":\"\",\"potentialAction\":[{\"@type\":\"SearchAction\",\"target\":{\"@type\":\"EntryPoint\",\"urlTemplate\":\"https:\\\/\\\/cordking.ca\\\/?s={search_term_string}\"},\"query-input\":{\"@type\":\"PropertyValueSpecification\",\"valueRequired\":true,\"valueName\":\"search_term_string\"}}],\"inLanguage\":\"fr-CA\"}]}<\/script>\n<!-- \/ Yoast SEO plugin. -->","yoast_head_json":{"title":"Termes et conditions - Cord King","robots":{"index":"index","follow":"follow","max-snippet":"max-snippet:-1","max-image-preview":"max-image-preview:large","max-video-preview":"max-video-preview:-1"},"canonical":"https:\/\/cordking.ca\/fr\/termes-et-conditions\/","og_locale":"fr_CA","og_type":"article","og_title":"Termes et conditions - Cord King","og_description":"1. Modalit\u00e9s et conditions de l\u2019utilisation du site Web Bienvenue et merci de votre visite au site Web de Cord King vous offre le pr\u00e9sent site Web, sujet aux modalit\u00e9s et conditions \u00e9nonc\u00e9es ci-dessous, lesquelles peuvent \u00eatre mises \u00e0 jour \u00e0 l\u2019occasion sans [&hellip;]","og_url":"https:\/\/cordking.ca\/fr\/termes-et-conditions\/","og_site_name":"Cord King","article_publisher":"https:\/\/www.facebook.com\/Cord-King-Canada-1842609599315117\/","article_modified_time":"2017-02-07T21:31:33+00:00","twitter_card":"summary_large_image","twitter_misc":{"Estimation du temps de lecture":"4 minutes"},"schema":{"@context":"https:\/\/schema.org","@graph":[{"@type":"WebPage","@id":"https:\/\/cordking.ca\/fr\/termes-et-conditions\/","url":"https:\/\/cordking.ca\/fr\/termes-et-conditions\/","name":"Termes et conditions - Cord King","isPartOf":{"@id":"https:\/\/cordking.ca\/#website"},"datePublished":"2016-11-29T15:32:30+00:00","dateModified":"2017-02-07T21:31:33+00:00","breadcrumb":{"@id":"https:\/\/cordking.ca\/fr\/termes-et-conditions\/#breadcrumb"},"inLanguage":"fr-CA","potentialAction":[{"@type":"ReadAction","target":["https:\/\/cordking.ca\/fr\/termes-et-conditions\/"]}]},{"@type":"BreadcrumbList","@id":"https:\/\/cordking.ca\/fr\/termes-et-conditions\/#breadcrumb","itemListElement":[{"@type":"ListItem","position":1,"name":"Home","item":"https:\/\/cordking.ca\/fr\/"},{"@type":"ListItem","position":2,"name":"Termes et conditions"}]},{"@type":"WebSite","@id":"https:\/\/cordking.ca\/#website","url":"https:\/\/cordking.ca\/","name":"Cord King","description":"","potentialAction":[{"@type":"SearchAction","target":{"@type":"EntryPoint","urlTemplate":"https:\/\/cordking.ca\/?s={search_term_string}"},"query-input":{"@type":"PropertyValueSpecification","valueRequired":true,"valueName":"search_term_string"}}],"inLanguage":"fr-CA"}]}},"_links":{"self":[{"href":"https:\/\/cordking.ca\/fr\/wp-json\/wp\/v2\/pages\/1164","targetHints":{"allow":["GET"]}}],"collection":[{"href":"https:\/\/cordking.ca\/fr\/wp-json\/wp\/v2\/pages"}],"about":[{"href":"https:\/\/cordking.ca\/fr\/wp-json\/wp\/v2\/types\/page"}],"author":[{"embeddable":true,"href":"https:\/\/cordking.ca\/fr\/wp-json\/wp\/v2\/users\/25"}],"replies":[{"embeddable":true,"href":"https:\/\/cordking.ca\/fr\/wp-json\/wp\/v2\/comments?post=1164"}],"version-history":[{"count":2,"href":"https:\/\/cordking.ca\/fr\/wp-json\/wp\/v2\/pages\/1164\/revisions"}],"predecessor-version":[{"id":1234,"href":"https:\/\/cordking.ca\/fr\/wp-json\/wp\/v2\/pages\/1164\/revisions\/1234"}],"wp:attachment":[{"href":"https:\/\/cordking.ca\/fr\/wp-json\/wp\/v2\/media?parent=1164"}],"curies":[{"name":"wp","href":"https:\/\/api.w.org\/{rel}","templated":true}]}}