{"id":1147,"date":"2016-12-07T10:51:25","date_gmt":"2016-12-07T15:51:25","guid":{"rendered":"https:\/\/cordking.ca\/best-firewood-processor-warranty\/"},"modified":"2017-11-22T16:56:45","modified_gmt":"2017-11-22T21:56:45","slug":"garantie-fendeuses-bois-chauffage","status":"publish","type":"page","link":"https:\/\/cordking.ca\/fr\/garantie-fendeuses-bois-chauffage\/","title":{"rendered":"Garantie"},"content":{"rendered":"<h2>La garantie Cord King<\/h2>\n<div class=\"su-row\">\n<div class=\"su-column su-column-size-2-3\"><div class=\"su-column-inner su-u-clearfix su-u-trim\">\n<p>Chez Cord King, nous garantissons notre travail. C\u2019est pourquoi nous sommes fiers d\u2019offrir une garantie \u00e0 vie sur la goulotte de fendage de chacune des fendeuses de bois de chauffage que nous fabriquons. Nous sommes fiers de note travail et nous savons que nos fendeuses de bois de chauffage sont les meilleures sur le march\u00e9. Nos goulottes de fendage sont faites pour durer et nous voulons que vous en retiriez des ann\u00e9es de production fiable.<\/p>\n<p>Si votre goulotte de fendage est endommag\u00e9e au point o\u00f9 il faut la r\u00e9parer ou la remplacer, nous vous en fournirons une neuve gratuitement, pour que vous puissiez obtenir la performance de vous avez besoin de votre machine.<\/p>\n<\/div><\/div>\n<div class=\"su-column su-column-size-1-3\"><div class=\"su-column-inner su-u-clearfix su-u-trim\">\n<img loading=\"lazy\" decoding=\"async\" class=\"aligncenter size-full wp-image-742\" title=\"Cord King Guarantee\" src=\"\/\/impekacdn.s3.us-east-2.amazonaws.com\/cordking.ca\/wp-content\/uploads\/2016\/12\/04203646\/warranty-badge.png\" alt=\"Cord King Guarantee\" width=\"150\" height=\"150\" \/>\n<\/div><\/div>\n<\/div>\n<h2>Pi\u00e8ces disponibles d\u00e8s le lendemain<\/h2>\n<p>Parce que chaque composant Cord King est fabriqu\u00e9 sur place, nous pouvons vous fabriquer des pi\u00e8ces de remplacement d\u00e8s le lendemain de votre commande. Ne restez pas paralys\u00e9 pendant des semaines \u00e0 attendre une pi\u00e8ce! Nos pi\u00e8ces de remplacement peuvent \u00eatre exp\u00e9di\u00e9es d\u00e8s qu\u2019elles ont \u00e9t\u00e9 fabriqu\u00e9es afin de vous permettre de vous remettre \u00e0 l\u2019ouvrage en un rien de temps.<\/p>\n<a href=\"\/fr\/joindre-cordking\/\" class=\"su-button su-button-style-flat\" style=\"color:#000000;background-color:#ffaf18;border-color:#cc8c14;border-radius:0px\" target=\"_self\"><span style=\"color:#000000;padding:0px 26px;font-size:20px;line-height:40px;border-color:#ffc75e;border-radius:0px;text-shadow:none\"> COMMUNIQUEZ AVEC NOUS AUJOURD&rsquo;HUI<\/span><\/a>\n","protected":false},"excerpt":{"rendered":"<p>La garantie Cord King Pi\u00e8ces disponibles d\u00e8s le lendemain Parce que chaque composant Cord King est fabriqu\u00e9 sur place, nous pouvons vous fabriquer des pi\u00e8ces de remplacement d\u00e8s le lendemain de votre commande. Ne restez pas paralys\u00e9 pendant des semaines \u00e0 attendre une [&hellip;]<\/p>\n","protected":false},"author":25,"featured_media":0,"parent":0,"menu_order":0,"comment_status":"closed","ping_status":"closed","template":"page-rightsidebar.php","meta":{"_acf_changed":false,"footnotes":""},"class_list":["post-1147","page","type-page","status-publish","hentry"],"acf":[],"yoast_head":"<!-- This site is optimized with the Yoast SEO plugin v27.5 - https:\/\/yoast.com\/product\/yoast-seo-wordpress\/ -->\n<title>La garantie \u00e0 vie Cord King | Cord King<\/title>\n<meta name=\"description\" content=\"Chez Cord King, nous offrons la meilleure fendeuse de bois de chauffage, et c&#039;est pour cela que nous offrons une garantie \u00e0 vie sur la goulotte de fendage,\" \/>\n<meta name=\"robots\" content=\"index, follow, max-snippet:-1, max-image-preview:large, max-video-preview:-1\" \/>\n<link rel=\"canonical\" href=\"https:\/\/cordking.ca\/fr\/garantie-fendeuses-bois-chauffage\/\" \/>\n<meta property=\"og:locale\" content=\"fr_CA\" \/>\n<meta property=\"og:type\" content=\"article\" \/>\n<meta property=\"og:title\" content=\"La garantie \u00e0 vie Cord King | Cord King\" \/>\n<meta property=\"og:description\" content=\"Chez Cord King, nous offrons la meilleure fendeuse de bois de chauffage, et c&#039;est pour cela que nous offrons une garantie \u00e0 vie sur la goulotte de fendage,\" \/>\n<meta property=\"og:url\" content=\"https:\/\/cordking.ca\/fr\/garantie-fendeuses-bois-chauffage\/\" \/>\n<meta property=\"og:site_name\" content=\"Cord King\" \/>\n<meta property=\"article:publisher\" content=\"https:\/\/www.facebook.com\/Cord-King-Canada-1842609599315117\/\" \/>\n<meta property=\"article:modified_time\" content=\"2017-11-22T21:56:45+00:00\" \/>\n<meta name=\"twitter:card\" content=\"summary_large_image\" \/>\n<meta name=\"twitter:image\" content=\"\/\/cordking.ca\/wp-content\/uploads\/2016\/12\/warranty-badge.png\" \/>\n<meta name=\"twitter:label1\" content=\"Estimation du temps de lecture\" \/>\n\t<meta name=\"twitter:data1\" content=\"1 minute\" \/>\n<script type=\"application\/ld+json\" class=\"yoast-schema-graph\">{\"@context\":\"https:\\\/\\\/schema.org\",\"@graph\":[{\"@type\":\"WebPage\",\"@id\":\"https:\\\/\\\/cordking.ca\\\/fr\\\/garantie-fendeuses-bois-chauffage\\\/\",\"url\":\"https:\\\/\\\/cordking.ca\\\/fr\\\/garantie-fendeuses-bois-chauffage\\\/\",\"name\":\"La garantie \u00e0 vie Cord King | Cord King\",\"isPartOf\":{\"@id\":\"https:\\\/\\\/cordking.ca\\\/#website\"},\"datePublished\":\"2016-12-07T15:51:25+00:00\",\"dateModified\":\"2017-11-22T21:56:45+00:00\",\"description\":\"Chez Cord King, nous offrons la meilleure fendeuse de bois de chauffage, et c'est pour cela que nous offrons une garantie \u00e0 vie sur la goulotte de fendage,\",\"breadcrumb\":{\"@id\":\"https:\\\/\\\/cordking.ca\\\/fr\\\/garantie-fendeuses-bois-chauffage\\\/#breadcrumb\"},\"inLanguage\":\"fr-CA\",\"potentialAction\":[{\"@type\":\"ReadAction\",\"target\":[\"https:\\\/\\\/cordking.ca\\\/fr\\\/garantie-fendeuses-bois-chauffage\\\/\"]}]},{\"@type\":\"BreadcrumbList\",\"@id\":\"https:\\\/\\\/cordking.ca\\\/fr\\\/garantie-fendeuses-bois-chauffage\\\/#breadcrumb\",\"itemListElement\":[{\"@type\":\"ListItem\",\"position\":1,\"name\":\"Home\",\"item\":\"https:\\\/\\\/cordking.ca\\\/fr\\\/\"},{\"@type\":\"ListItem\",\"position\":2,\"name\":\"Garantie\"}]},{\"@type\":\"WebSite\",\"@id\":\"https:\\\/\\\/cordking.ca\\\/#website\",\"url\":\"https:\\\/\\\/cordking.ca\\\/\",\"name\":\"Cord King\",\"description\":\"\",\"potentialAction\":[{\"@type\":\"SearchAction\",\"target\":{\"@type\":\"EntryPoint\",\"urlTemplate\":\"https:\\\/\\\/cordking.ca\\\/?s={search_term_string}\"},\"query-input\":{\"@type\":\"PropertyValueSpecification\",\"valueRequired\":true,\"valueName\":\"search_term_string\"}}],\"inLanguage\":\"fr-CA\"}]}<\/script>\n<!-- \/ Yoast SEO plugin. -->","yoast_head_json":{"title":"La garantie \u00e0 vie Cord King | Cord King","description":"Chez Cord King, nous offrons la meilleure fendeuse de bois de chauffage, et c'est pour cela que nous offrons une garantie \u00e0 vie sur la goulotte de fendage,","robots":{"index":"index","follow":"follow","max-snippet":"max-snippet:-1","max-image-preview":"max-image-preview:large","max-video-preview":"max-video-preview:-1"},"canonical":"https:\/\/cordking.ca\/fr\/garantie-fendeuses-bois-chauffage\/","og_locale":"fr_CA","og_type":"article","og_title":"La garantie \u00e0 vie Cord King | Cord King","og_description":"Chez Cord King, nous offrons la meilleure fendeuse de bois de chauffage, et c'est pour cela que nous offrons une garantie \u00e0 vie sur la goulotte de fendage,","og_url":"https:\/\/cordking.ca\/fr\/garantie-fendeuses-bois-chauffage\/","og_site_name":"Cord King","article_publisher":"https:\/\/www.facebook.com\/Cord-King-Canada-1842609599315117\/","article_modified_time":"2017-11-22T21:56:45+00:00","twitter_card":"summary_large_image","twitter_image":"\/\/cordking.ca\/wp-content\/uploads\/2016\/12\/warranty-badge.png","twitter_misc":{"Estimation du temps de lecture":"1 minute"},"schema":{"@context":"https:\/\/schema.org","@graph":[{"@type":"WebPage","@id":"https:\/\/cordking.ca\/fr\/garantie-fendeuses-bois-chauffage\/","url":"https:\/\/cordking.ca\/fr\/garantie-fendeuses-bois-chauffage\/","name":"La garantie \u00e0 vie Cord King | Cord King","isPartOf":{"@id":"https:\/\/cordking.ca\/#website"},"datePublished":"2016-12-07T15:51:25+00:00","dateModified":"2017-11-22T21:56:45+00:00","description":"Chez Cord King, nous offrons la meilleure fendeuse de bois de chauffage, et c'est pour cela que nous offrons une garantie \u00e0 vie sur la goulotte de fendage,","breadcrumb":{"@id":"https:\/\/cordking.ca\/fr\/garantie-fendeuses-bois-chauffage\/#breadcrumb"},"inLanguage":"fr-CA","potentialAction":[{"@type":"ReadAction","target":["https:\/\/cordking.ca\/fr\/garantie-fendeuses-bois-chauffage\/"]}]},{"@type":"BreadcrumbList","@id":"https:\/\/cordking.ca\/fr\/garantie-fendeuses-bois-chauffage\/#breadcrumb","itemListElement":[{"@type":"ListItem","position":1,"name":"Home","item":"https:\/\/cordking.ca\/fr\/"},{"@type":"ListItem","position":2,"name":"Garantie"}]},{"@type":"WebSite","@id":"https:\/\/cordking.ca\/#website","url":"https:\/\/cordking.ca\/","name":"Cord King","description":"","potentialAction":[{"@type":"SearchAction","target":{"@type":"EntryPoint","urlTemplate":"https:\/\/cordking.ca\/?s={search_term_string}"},"query-input":{"@type":"PropertyValueSpecification","valueRequired":true,"valueName":"search_term_string"}}],"inLanguage":"fr-CA"}]}},"_links":{"self":[{"href":"https:\/\/cordking.ca\/fr\/wp-json\/wp\/v2\/pages\/1147","targetHints":{"allow":["GET"]}}],"collection":[{"href":"https:\/\/cordking.ca\/fr\/wp-json\/wp\/v2\/pages"}],"about":[{"href":"https:\/\/cordking.ca\/fr\/wp-json\/wp\/v2\/types\/page"}],"author":[{"embeddable":true,"href":"https:\/\/cordking.ca\/fr\/wp-json\/wp\/v2\/users\/25"}],"replies":[{"embeddable":true,"href":"https:\/\/cordking.ca\/fr\/wp-json\/wp\/v2\/comments?post=1147"}],"version-history":[{"count":3,"href":"https:\/\/cordking.ca\/fr\/wp-json\/wp\/v2\/pages\/1147\/revisions"}],"predecessor-version":[{"id":2096,"href":"https:\/\/cordking.ca\/fr\/wp-json\/wp\/v2\/pages\/1147\/revisions\/2096"}],"wp:attachment":[{"href":"https:\/\/cordking.ca\/fr\/wp-json\/wp\/v2\/media?parent=1147"}],"curies":[{"name":"wp","href":"https:\/\/api.w.org\/{rel}","templated":true}]}}