{"id":1096,"date":"2016-12-06T15:23:32","date_gmt":"2016-12-06T20:23:32","guid":{"rendered":"https:\/\/cordking.ca\/firewood-processor-rental-leasing-financing\/"},"modified":"2017-11-22T16:59:57","modified_gmt":"2017-11-22T21:59:57","slug":"financement-location-fendeuse-bois-chauffage","status":"publish","type":"page","link":"https:\/\/cordking.ca\/fr\/financement-location-fendeuse-bois-chauffage\/","title":{"rendered":"Options de financement"},"content":{"rendered":"<p>Il n\u2019a jamais \u00e9t\u00e9 aussi facile d\u2019obtenir une fendeuse de bois de chauffage Cord King. Gr\u00e2ce \u00e0 des options flexibles comprenant des plans de location d\u2019une fendeuse de bois de chauffage avec option d\u2019achat, vous pouvez vous procurer l\u2019\u00e9quipement dont vous avez besoin et vous mettre au travail le plus t\u00f4t possible. Le meilleur, c\u2019est que nous pouvons vous aider \u00e0 obtenir le financement n\u00e9cessaire pour vous mettre aux commandes de la machine dont vous avez besoin \u00e0 un prix qui vous convient \u2013 le tout sans versement initial.<\/p>\n<h2>Financement<\/h2>\n<p>Payez en versements faciles ou financez votre achat de mani\u00e8re \u00e0 obtenir votre machine le plus t\u00f4t possible. Gr\u00e2ce aux options de paiement offertes, il vous reste plus d\u2019argent pour travailler chaque mois et vous pouvez facilement payer des mois \u00e0 l\u2019avance. Ne vous souciez pas d\u2019un versement initial \u2013 nos options de financement sont flexibles et visent \u00e0 vous mettre aux commandes de la fendeuse de bois de chauffage dont vous avez besoin le plus t\u00f4t possible.<\/p>\n<h2>Bail de location-achat<\/h2>\n<p>Trouvez rapidement l\u2019\u00e9quipement dont vous avez besoin gr\u00e2ce \u00e0 un bail de location-achat personnalis\u00e9. Tr\u00e8s semblable au financement ordinaire, les paiements p\u00e9riodiques vous permettent de conserver plus d\u2019argent entre vos mains de mois en mois et d\u2019ajuster votre charge de travail en fonction des fluctuations de la demande. Vous avez aussi la libert\u00e9 d\u2019ajouter des caract\u00e9ristiques et accessoires \u00e0 votre machine Cord King. De plus, une fois que vos paiements sont termin\u00e9s, la machine vous appartient!<\/p>\n<h2>Avantages fiscaux<\/h2>\n<p>En affaires, il est courant de retirer des avantages fiscaux de la location \u00e0 bail d\u2019\u00e9quipement \u2013 d\u00e9pendamment de votre situation, la location ou location \u00e0 bail d\u2019une fendeuse de bois de chauffage peut \u00eatre class\u00e9e comme d\u00e9pense d\u2019affaires, ce qui remet de l\u2019argent dans vos poches au moment de payer vos imp\u00f4ts. Comme toujours, consultez votre conseiller financier pour voir ce que vous pouvez r\u00e9clamer sur votre d\u00e9claration d\u2019imp\u00f4t avant de prendre une d\u00e9cision.<\/p>\n<a href=\"\/fr\/joindre-cordking\/\" class=\"su-button su-button-style-flat\" style=\"color:#000000;background-color:#ffaf18;border-color:#cc8c14;border-radius:0px\" target=\"_self\"><span style=\"color:#000000;padding:0px 22px;font-size:17px;line-height:34px;border-color:#ffc75e;border-radius:0px;text-shadow:none\"> POUR PLUS DE RENSEIGNEMENTS, COMMUIQUEZ AVEC NOUS AUJOURD&rsquo;HUI<\/span><\/a>\n","protected":false},"excerpt":{"rendered":"<p>Il n\u2019a jamais \u00e9t\u00e9 aussi facile d\u2019obtenir une fendeuse de bois de chauffage Cord King. Gr\u00e2ce \u00e0 des options flexibles comprenant des plans de location d\u2019une fendeuse de bois de chauffage avec option d\u2019achat, vous pouvez vous procurer l\u2019\u00e9quipement dont vous avez besoin [&hellip;]<\/p>\n","protected":false},"author":25,"featured_media":0,"parent":0,"menu_order":0,"comment_status":"closed","ping_status":"closed","template":"page-rightsidebar.php","meta":{"_acf_changed":false,"footnotes":""},"class_list":["post-1096","page","type-page","status-publish","hentry"],"acf":[],"yoast_head":"<!-- This site is optimized with the Yoast SEO plugin v27.3 - https:\/\/yoast.com\/product\/yoast-seo-wordpress\/ -->\n<title>Options de financement | Cord King<\/title>\n<meta name=\"description\" content=\"Locations et plans de paiement de fendeuse de bois de chauffage sont faciles puisque nous pouvons vous aider \u00e0 obtenir le financement n\u00e9cessaire.\" \/>\n<meta name=\"robots\" content=\"index, follow, max-snippet:-1, max-image-preview:large, max-video-preview:-1\" \/>\n<link rel=\"canonical\" href=\"https:\/\/cordking.ca\/fr\/financement-location-fendeuse-bois-chauffage\/\" \/>\n<meta property=\"og:locale\" content=\"fr_CA\" \/>\n<meta property=\"og:type\" content=\"article\" \/>\n<meta property=\"og:title\" content=\"Options de financement | Cord King\" \/>\n<meta property=\"og:description\" content=\"Locations et plans de paiement de fendeuse de bois de chauffage sont faciles puisque nous pouvons vous aider \u00e0 obtenir le financement n\u00e9cessaire.\" \/>\n<meta property=\"og:url\" content=\"https:\/\/cordking.ca\/fr\/financement-location-fendeuse-bois-chauffage\/\" \/>\n<meta property=\"og:site_name\" content=\"Cord King\" \/>\n<meta property=\"article:publisher\" content=\"https:\/\/www.facebook.com\/Cord-King-Canada-1842609599315117\/\" \/>\n<meta property=\"article:modified_time\" content=\"2017-11-22T21:59:57+00:00\" \/>\n<meta name=\"twitter:card\" content=\"summary_large_image\" \/>\n<meta name=\"twitter:label1\" content=\"Estimation du temps de lecture\" \/>\n\t<meta name=\"twitter:data1\" content=\"2 minutes\" \/>\n<script type=\"application\/ld+json\" class=\"yoast-schema-graph\">{\"@context\":\"https:\\\/\\\/schema.org\",\"@graph\":[{\"@type\":\"WebPage\",\"@id\":\"https:\\\/\\\/cordking.ca\\\/fr\\\/financement-location-fendeuse-bois-chauffage\\\/\",\"url\":\"https:\\\/\\\/cordking.ca\\\/fr\\\/financement-location-fendeuse-bois-chauffage\\\/\",\"name\":\"Options de financement | Cord King\",\"isPartOf\":{\"@id\":\"https:\\\/\\\/cordking.ca\\\/#website\"},\"datePublished\":\"2016-12-06T20:23:32+00:00\",\"dateModified\":\"2017-11-22T21:59:57+00:00\",\"description\":\"Locations et plans de paiement de fendeuse de bois de chauffage sont faciles puisque nous pouvons vous aider \u00e0 obtenir le financement n\u00e9cessaire.\",\"breadcrumb\":{\"@id\":\"https:\\\/\\\/cordking.ca\\\/fr\\\/financement-location-fendeuse-bois-chauffage\\\/#breadcrumb\"},\"inLanguage\":\"fr-CA\",\"potentialAction\":[{\"@type\":\"ReadAction\",\"target\":[\"https:\\\/\\\/cordking.ca\\\/fr\\\/financement-location-fendeuse-bois-chauffage\\\/\"]}]},{\"@type\":\"BreadcrumbList\",\"@id\":\"https:\\\/\\\/cordking.ca\\\/fr\\\/financement-location-fendeuse-bois-chauffage\\\/#breadcrumb\",\"itemListElement\":[{\"@type\":\"ListItem\",\"position\":1,\"name\":\"Home\",\"item\":\"https:\\\/\\\/cordking.ca\\\/fr\\\/\"},{\"@type\":\"ListItem\",\"position\":2,\"name\":\"Options de financement\"}]},{\"@type\":\"WebSite\",\"@id\":\"https:\\\/\\\/cordking.ca\\\/#website\",\"url\":\"https:\\\/\\\/cordking.ca\\\/\",\"name\":\"Cord King\",\"description\":\"\",\"potentialAction\":[{\"@type\":\"SearchAction\",\"target\":{\"@type\":\"EntryPoint\",\"urlTemplate\":\"https:\\\/\\\/cordking.ca\\\/?s={search_term_string}\"},\"query-input\":{\"@type\":\"PropertyValueSpecification\",\"valueRequired\":true,\"valueName\":\"search_term_string\"}}],\"inLanguage\":\"fr-CA\"}]}<\/script>\n<!-- \/ Yoast SEO plugin. -->","yoast_head_json":{"title":"Options de financement | Cord King","description":"Locations et plans de paiement de fendeuse de bois de chauffage sont faciles puisque nous pouvons vous aider \u00e0 obtenir le financement n\u00e9cessaire.","robots":{"index":"index","follow":"follow","max-snippet":"max-snippet:-1","max-image-preview":"max-image-preview:large","max-video-preview":"max-video-preview:-1"},"canonical":"https:\/\/cordking.ca\/fr\/financement-location-fendeuse-bois-chauffage\/","og_locale":"fr_CA","og_type":"article","og_title":"Options de financement | Cord King","og_description":"Locations et plans de paiement de fendeuse de bois de chauffage sont faciles puisque nous pouvons vous aider \u00e0 obtenir le financement n\u00e9cessaire.","og_url":"https:\/\/cordking.ca\/fr\/financement-location-fendeuse-bois-chauffage\/","og_site_name":"Cord King","article_publisher":"https:\/\/www.facebook.com\/Cord-King-Canada-1842609599315117\/","article_modified_time":"2017-11-22T21:59:57+00:00","twitter_card":"summary_large_image","twitter_misc":{"Estimation du temps de lecture":"2 minutes"},"schema":{"@context":"https:\/\/schema.org","@graph":[{"@type":"WebPage","@id":"https:\/\/cordking.ca\/fr\/financement-location-fendeuse-bois-chauffage\/","url":"https:\/\/cordking.ca\/fr\/financement-location-fendeuse-bois-chauffage\/","name":"Options de financement | Cord King","isPartOf":{"@id":"https:\/\/cordking.ca\/#website"},"datePublished":"2016-12-06T20:23:32+00:00","dateModified":"2017-11-22T21:59:57+00:00","description":"Locations et plans de paiement de fendeuse de bois de chauffage sont faciles puisque nous pouvons vous aider \u00e0 obtenir le financement n\u00e9cessaire.","breadcrumb":{"@id":"https:\/\/cordking.ca\/fr\/financement-location-fendeuse-bois-chauffage\/#breadcrumb"},"inLanguage":"fr-CA","potentialAction":[{"@type":"ReadAction","target":["https:\/\/cordking.ca\/fr\/financement-location-fendeuse-bois-chauffage\/"]}]},{"@type":"BreadcrumbList","@id":"https:\/\/cordking.ca\/fr\/financement-location-fendeuse-bois-chauffage\/#breadcrumb","itemListElement":[{"@type":"ListItem","position":1,"name":"Home","item":"https:\/\/cordking.ca\/fr\/"},{"@type":"ListItem","position":2,"name":"Options de financement"}]},{"@type":"WebSite","@id":"https:\/\/cordking.ca\/#website","url":"https:\/\/cordking.ca\/","name":"Cord King","description":"","potentialAction":[{"@type":"SearchAction","target":{"@type":"EntryPoint","urlTemplate":"https:\/\/cordking.ca\/?s={search_term_string}"},"query-input":{"@type":"PropertyValueSpecification","valueRequired":true,"valueName":"search_term_string"}}],"inLanguage":"fr-CA"}]}},"_links":{"self":[{"href":"https:\/\/cordking.ca\/fr\/wp-json\/wp\/v2\/pages\/1096","targetHints":{"allow":["GET"]}}],"collection":[{"href":"https:\/\/cordking.ca\/fr\/wp-json\/wp\/v2\/pages"}],"about":[{"href":"https:\/\/cordking.ca\/fr\/wp-json\/wp\/v2\/types\/page"}],"author":[{"embeddable":true,"href":"https:\/\/cordking.ca\/fr\/wp-json\/wp\/v2\/users\/25"}],"replies":[{"embeddable":true,"href":"https:\/\/cordking.ca\/fr\/wp-json\/wp\/v2\/comments?post=1096"}],"version-history":[{"count":4,"href":"https:\/\/cordking.ca\/fr\/wp-json\/wp\/v2\/pages\/1096\/revisions"}],"predecessor-version":[{"id":2099,"href":"https:\/\/cordking.ca\/fr\/wp-json\/wp\/v2\/pages\/1096\/revisions\/2099"}],"wp:attachment":[{"href":"https:\/\/cordking.ca\/fr\/wp-json\/wp\/v2\/media?parent=1096"}],"curies":[{"name":"wp","href":"https:\/\/api.w.org\/{rel}","templated":true}]}}