{"id":1053,"date":"2016-11-29T10:31:13","date_gmt":"2016-11-29T15:31:13","guid":{"rendered":"https:\/\/cordking.ca\/firewood-equipment-faq\/"},"modified":"2018-06-12T14:33:12","modified_gmt":"2018-06-12T18:33:12","slug":"faq","status":"publish","type":"page","link":"https:\/\/cordking.ca\/fr\/faq\/","title":{"rendered":"Foire aux questions"},"content":{"rendered":"<div class=\"su-spoiler su-spoiler-style-default su-spoiler-icon-plus su-spoiler-closed\" data-scroll-offset=\"0\" data-anchor-in-url=\"no\"><div class=\"su-spoiler-title\" tabindex=\"0\" role=\"button\"><span class=\"su-spoiler-icon\"><\/span>Spoiler title<\/div><div class=\"su-spoiler-content su-u-clearfix su-u-trim\">\n<p>L\u2019\u00e9quipement de traitement du bois de chauffage qui utilise une scie \u00e0 cha\u00eene est normalement plus petit et plus l\u00e9ger que l\u2019\u00e9quipement avec scie circulaire. La machine est ainsi plus facile \u00e0 man\u0153uvrer et \u00e0 remorquer. La conception de nos mod\u00e8les \u00e0 scie \u00e0 cha\u00eene (la s\u00e9rie M) est \u00e9galement plus simple et compte des composants moins dispendieux, ce qui se traduit par un prix de vente plus abordable. La s\u00e9rie M est extr\u00eamement polyvalente, les mod\u00e8les M18-20, M20-30 et M24-30 constituant des machine id\u00e9ales pour d\u00e9butants. Ceci \u00e9tant dit, il faut admettre \u00e9galement que seule une scie \u00e0 cha\u00eene peut s\u2019attaquer aux billes de tr\u00e8s gros diam\u00e8tre, m\u00eame si elles travaillent plus lentement que les scies circulaires. Une machine avec scie \u00e0 cha\u00eene bien entretenue, nettoy\u00e9e, aff\u00fbt\u00e9e et lubrifi\u00e9e est id\u00e9ale pour une production \u00e0 petite \u00e9chelle o\u00f9 le temps n\u2019est pas un facteur critique.<\/p>\n<\/div><\/div>\n<div class=\"su-spoiler su-spoiler-style-default su-spoiler-icon-plus su-spoiler-closed\" data-scroll-offset=\"0\" data-anchor-in-url=\"no\"><div class=\"su-spoiler-title\" tabindex=\"0\" role=\"button\"><span class=\"su-spoiler-icon\"><\/span>Spoiler title<\/div><div class=\"su-spoiler-content su-u-clearfix su-u-trim\">\n<p>Les fendeuses de bois de chauffage munies d\u2019une scie circulaire exigent beaucoup moins d\u2019entretien que les machines \u00e0 scie \u00e0 cha\u00eene. Les lames de haute qualit\u00e9 sont dot\u00e9es de dents de carbure de tungst\u00e8ne et peuvent fonctionner jusqu\u2019\u00e0 1 500 heures entre aff\u00fbtages. Dans le cas peut probable de dommages \u00e0 la scie, les dents peuvent \u00eatre remplac\u00e9es facilement et \u00e0 peu de frais. Contrairement \u00e0 la scie \u00e0 cha\u00eene, les corps \u00e9trangers dans le bois n\u2019endommageront pas la lame de la scie \u2013 de sorte que bien qu\u2019il soit toujours pr\u00e9f\u00e9rable de travailler avec du bois propre, une scie circulaire ne sera pas affect\u00e9e par du bois contenant des corps \u00e9trangers. De plus, les scies circulaires n\u2019ont pas besoin de lubrifiant et le bran de scie qu\u2019elles produisent peut \u00eatre collect\u00e9 comme sous-produit de l\u2019op\u00e9ration. Le principal avantage des mod\u00e8les \u00e0 scie circulaire de la s\u00e9rie CS est cependant leur vitesse qui augmente consid\u00e9rablement la productivit\u00e9.<\/p>\n<\/div><\/div>\n<div class=\"su-spoiler su-spoiler-style-default su-spoiler-icon-plus su-spoiler-closed\" data-scroll-offset=\"0\" data-anchor-in-url=\"no\"><div class=\"su-spoiler-title\" tabindex=\"0\" role=\"button\"><span class=\"su-spoiler-icon\"><\/span>Spoiler title<\/div><div class=\"su-spoiler-content su-u-clearfix su-u-trim\">\n<p>Nous savons l\u2019importance de maintenir notre \u00e9quipement de bois de chauffage en parfaite condition et nous avons confiance que votre Cord King vous fournira un service fiable pour de nombreuses ann\u00e9es \u00e0 venir. \u00c0 vrai dire, nous sommes tellement confiants d\u2019avoir la meilleure fendeuse de bois de chauffage disponible que nous fournissons \u00e0 l\u2019acheteur original une garantie \u00e0 vie sur la goulotte de fendage de toute Cord King. Nous offrons aussi une garantie de 2 ans sur le moteur et de 12 mois sur tous les autres composants et pi\u00e8ces. Si jamais vous \u00e9prouvez des difficult\u00e9s avec votre fendeuse de bois de chauffage Cord King, n\u2019h\u00e9sitez pas \u00e0 communiquer avec nous et nous travaillerons avec vous \u00e0 trouver une solution et \u00e0 remettre votre machine en bon \u00e9tat de marche \u2013 m\u00eame s\u2019il nous faudra envoyer un de nos techniciens experts sur place pour r\u00e9gler le probl\u00e8me.<\/p>\n<\/div><\/div>\n<div class=\"su-spoiler su-spoiler-style-default su-spoiler-icon-plus su-spoiler-closed\" data-scroll-offset=\"0\" data-anchor-in-url=\"no\"><div class=\"su-spoiler-title\" tabindex=\"0\" role=\"button\"><span class=\"su-spoiler-icon\"><\/span>Spoiler title<\/div><div class=\"su-spoiler-content su-u-clearfix su-u-trim\">\n<p>Nous avons diverses vid\u00e9os sur notre site Web qui d\u00e9montrent ce dont nos machines sont capables. Mais nous entreprenons une campagne de participation \u00e0 de nombreux salons commerciaux et expositions partout dans le monde et nous nous ferons un plaisir de vous montrer en personne comment fonctionne une Cord King.<\/p>\n<a href=\"\/fr\/category\/foires\/\" class=\"su-button su-button-style-flat\" style=\"color:#000000;background-color:#ffaf18;border-color:#cc8c14;border-radius:0px\" target=\"_self\"><span style=\"color:#000000;padding:0px 26px;font-size:20px;line-height:40px;border-color:#ffc75e;border-radius:0px;text-shadow:none\"> VOIR NOS FOIRES\u00a0COMMERCIAUX<\/span><\/a>\n<\/div><\/div>\n<div class=\"su-spoiler su-spoiler-style-default su-spoiler-icon-plus su-spoiler-closed\" data-scroll-offset=\"0\" data-anchor-in-url=\"no\"><div class=\"su-spoiler-title\" tabindex=\"0\" role=\"button\"><span class=\"su-spoiler-icon\"><\/span>Spoiler title<\/div><div class=\"su-spoiler-content su-u-clearfix su-u-trim\">\n<p>Toute machine Cord King est certifi\u00e9e CE avant d\u2019\u00eatre livr\u00e9e \u00e0 tout client europ\u00e9en. Cette certification est incluse dans tout devis de co\u00fbt que nous fournissons.<\/p>\n<\/div><\/div>\n","protected":false},"excerpt":{"rendered":"Spoiler title L\u2019\u00e9quipement de traitement du bois de chauffage qui utilise une scie \u00e0 cha\u00eene est normalement plus petit et plus l\u00e9ger que l\u2019\u00e9quipement avec scie circulaire. La machine est ainsi plus facile \u00e0 man\u0153uvrer et \u00e0 remorquer. La conception de nos mod\u00e8les [...]","protected":false},"author":25,"featured_media":0,"parent":0,"menu_order":0,"comment_status":"closed","ping_status":"closed","template":"page-rightsidebar.php","meta":{"_acf_changed":false,"footnotes":""},"class_list":["post-1053","page","type-page","status-publish","hentry"],"acf":[],"yoast_head":"<!-- This site is optimized with the Yoast SEO plugin v27.3 - https:\/\/yoast.com\/product\/yoast-seo-wordpress\/ -->\n<title>Questions fr\u00e9quemment pos\u00e9es sur l\u2019\u00e9quipement de bois de chauffage | Cord King<\/title>\n<meta name=\"description\" content=\"Nous recevons de nombreuses questions \u00e0 propos de notre \u00e9quipement de bois de chauffage, dont des questions \u00e0 propos de nos mod\u00e8les Cord King ainsi que nos garanties.\" \/>\n<meta name=\"robots\" content=\"index, follow, max-snippet:-1, max-image-preview:large, max-video-preview:-1\" \/>\n<link rel=\"canonical\" href=\"https:\/\/cordking.ca\/fr\/faq\/\" \/>\n<meta property=\"og:locale\" content=\"fr_CA\" \/>\n<meta property=\"og:type\" content=\"article\" \/>\n<meta property=\"og:title\" content=\"Questions fr\u00e9quemment pos\u00e9es sur l\u2019\u00e9quipement de bois de chauffage | Cord King\" \/>\n<meta property=\"og:description\" content=\"Nous recevons de nombreuses questions \u00e0 propos de notre \u00e9quipement de bois de chauffage, dont des questions \u00e0 propos de nos mod\u00e8les Cord King ainsi que nos garanties.\" \/>\n<meta property=\"og:url\" content=\"https:\/\/cordking.ca\/fr\/faq\/\" \/>\n<meta property=\"og:site_name\" content=\"Cord King\" \/>\n<meta property=\"article:publisher\" content=\"https:\/\/www.facebook.com\/Cord-King-Canada-1842609599315117\/\" \/>\n<meta property=\"article:modified_time\" content=\"2018-06-12T18:33:12+00:00\" \/>\n<meta property=\"og:image\" content=\"https:\/\/cordking.ca\/wp-content\/uploads\/2016\/12\/footer-logo-new.png\" \/>\n\t<meta property=\"og:image:width\" content=\"236\" \/>\n\t<meta property=\"og:image:height\" content=\"249\" \/>\n\t<meta property=\"og:image:type\" content=\"image\/png\" \/>\n<meta name=\"twitter:card\" content=\"summary_large_image\" \/>\n<meta name=\"twitter:label1\" content=\"Estimation du temps de lecture\" \/>\n\t<meta name=\"twitter:data1\" content=\"3 minutes\" \/>\n<script type=\"application\/ld+json\" class=\"yoast-schema-graph\">{\"@context\":\"https:\\\/\\\/schema.org\",\"@graph\":[{\"@type\":\"WebPage\",\"@id\":\"https:\\\/\\\/cordking.ca\\\/fr\\\/faq\\\/\",\"url\":\"https:\\\/\\\/cordking.ca\\\/fr\\\/faq\\\/\",\"name\":\"Questions fr\u00e9quemment pos\u00e9es sur l\u2019\u00e9quipement de bois de chauffage | Cord King\",\"isPartOf\":{\"@id\":\"https:\\\/\\\/cordking.ca\\\/#website\"},\"datePublished\":\"2016-11-29T15:31:13+00:00\",\"dateModified\":\"2018-06-12T18:33:12+00:00\",\"description\":\"Nous recevons de nombreuses questions \u00e0 propos de notre \u00e9quipement de bois de chauffage, dont des questions \u00e0 propos de nos mod\u00e8les Cord King ainsi que nos garanties.\",\"breadcrumb\":{\"@id\":\"https:\\\/\\\/cordking.ca\\\/fr\\\/faq\\\/#breadcrumb\"},\"inLanguage\":\"fr-CA\",\"potentialAction\":[{\"@type\":\"ReadAction\",\"target\":[\"https:\\\/\\\/cordking.ca\\\/fr\\\/faq\\\/\"]}]},{\"@type\":\"BreadcrumbList\",\"@id\":\"https:\\\/\\\/cordking.ca\\\/fr\\\/faq\\\/#breadcrumb\",\"itemListElement\":[{\"@type\":\"ListItem\",\"position\":1,\"name\":\"Home\",\"item\":\"https:\\\/\\\/cordking.ca\\\/fr\\\/\"},{\"@type\":\"ListItem\",\"position\":2,\"name\":\"Foire aux questions\"}]},{\"@type\":\"WebSite\",\"@id\":\"https:\\\/\\\/cordking.ca\\\/#website\",\"url\":\"https:\\\/\\\/cordking.ca\\\/\",\"name\":\"Cord King\",\"description\":\"\",\"potentialAction\":[{\"@type\":\"SearchAction\",\"target\":{\"@type\":\"EntryPoint\",\"urlTemplate\":\"https:\\\/\\\/cordking.ca\\\/?s={search_term_string}\"},\"query-input\":{\"@type\":\"PropertyValueSpecification\",\"valueRequired\":true,\"valueName\":\"search_term_string\"}}],\"inLanguage\":\"fr-CA\"}]}<\/script>\n<!-- \/ Yoast SEO plugin. -->","yoast_head_json":{"title":"Questions fr\u00e9quemment pos\u00e9es sur l\u2019\u00e9quipement de bois de chauffage | Cord King","description":"Nous recevons de nombreuses questions \u00e0 propos de notre \u00e9quipement de bois de chauffage, dont des questions \u00e0 propos de nos mod\u00e8les Cord King ainsi que nos garanties.","robots":{"index":"index","follow":"follow","max-snippet":"max-snippet:-1","max-image-preview":"max-image-preview:large","max-video-preview":"max-video-preview:-1"},"canonical":"https:\/\/cordking.ca\/fr\/faq\/","og_locale":"fr_CA","og_type":"article","og_title":"Questions fr\u00e9quemment pos\u00e9es sur l\u2019\u00e9quipement de bois de chauffage | Cord King","og_description":"Nous recevons de nombreuses questions \u00e0 propos de notre \u00e9quipement de bois de chauffage, dont des questions \u00e0 propos de nos mod\u00e8les Cord King ainsi que nos garanties.","og_url":"https:\/\/cordking.ca\/fr\/faq\/","og_site_name":"Cord King","article_publisher":"https:\/\/www.facebook.com\/Cord-King-Canada-1842609599315117\/","article_modified_time":"2018-06-12T18:33:12+00:00","og_image":[{"width":236,"height":249,"url":"https:\/\/cordking.ca\/wp-content\/uploads\/2016\/12\/footer-logo-new.png","type":"image\/png"}],"twitter_card":"summary_large_image","twitter_misc":{"Estimation du temps de lecture":"3 minutes"},"schema":{"@context":"https:\/\/schema.org","@graph":[{"@type":"WebPage","@id":"https:\/\/cordking.ca\/fr\/faq\/","url":"https:\/\/cordking.ca\/fr\/faq\/","name":"Questions fr\u00e9quemment pos\u00e9es sur l\u2019\u00e9quipement de bois de chauffage | Cord King","isPartOf":{"@id":"https:\/\/cordking.ca\/#website"},"datePublished":"2016-11-29T15:31:13+00:00","dateModified":"2018-06-12T18:33:12+00:00","description":"Nous recevons de nombreuses questions \u00e0 propos de notre \u00e9quipement de bois de chauffage, dont des questions \u00e0 propos de nos mod\u00e8les Cord King ainsi que nos garanties.","breadcrumb":{"@id":"https:\/\/cordking.ca\/fr\/faq\/#breadcrumb"},"inLanguage":"fr-CA","potentialAction":[{"@type":"ReadAction","target":["https:\/\/cordking.ca\/fr\/faq\/"]}]},{"@type":"BreadcrumbList","@id":"https:\/\/cordking.ca\/fr\/faq\/#breadcrumb","itemListElement":[{"@type":"ListItem","position":1,"name":"Home","item":"https:\/\/cordking.ca\/fr\/"},{"@type":"ListItem","position":2,"name":"Foire aux questions"}]},{"@type":"WebSite","@id":"https:\/\/cordking.ca\/#website","url":"https:\/\/cordking.ca\/","name":"Cord King","description":"","potentialAction":[{"@type":"SearchAction","target":{"@type":"EntryPoint","urlTemplate":"https:\/\/cordking.ca\/?s={search_term_string}"},"query-input":{"@type":"PropertyValueSpecification","valueRequired":true,"valueName":"search_term_string"}}],"inLanguage":"fr-CA"}]}},"_links":{"self":[{"href":"https:\/\/cordking.ca\/fr\/wp-json\/wp\/v2\/pages\/1053","targetHints":{"allow":["GET"]}}],"collection":[{"href":"https:\/\/cordking.ca\/fr\/wp-json\/wp\/v2\/pages"}],"about":[{"href":"https:\/\/cordking.ca\/fr\/wp-json\/wp\/v2\/types\/page"}],"author":[{"embeddable":true,"href":"https:\/\/cordking.ca\/fr\/wp-json\/wp\/v2\/users\/25"}],"replies":[{"embeddable":true,"href":"https:\/\/cordking.ca\/fr\/wp-json\/wp\/v2\/comments?post=1053"}],"version-history":[{"count":5,"href":"https:\/\/cordking.ca\/fr\/wp-json\/wp\/v2\/pages\/1053\/revisions"}],"predecessor-version":[{"id":2242,"href":"https:\/\/cordking.ca\/fr\/wp-json\/wp\/v2\/pages\/1053\/revisions\/2242"}],"wp:attachment":[{"href":"https:\/\/cordking.ca\/fr\/wp-json\/wp\/v2\/media?parent=1053"}],"curies":[{"name":"wp","href":"https:\/\/api.w.org\/{rel}","templated":true}]}}