{"id":1036,"date":"2016-11-29T10:30:56","date_gmt":"2016-11-29T15:30:56","guid":{"rendered":"https:\/\/cordking.ca\/firewood-processors\/"},"modified":"2017-11-22T17:01:08","modified_gmt":"2017-11-22T22:01:08","slug":"produits","status":"publish","type":"page","link":"https:\/\/cordking.ca\/fr\/produits\/","title":{"rendered":"Produits"},"content":{"rendered":"<div class=\"su-row\"><div class=\"su-column su-column-size-1-2\"><div class=\"su-column-inner su-u-clearfix su-u-trim\">\n<p><a class=\"cat_prod_hover\" href=\"\/\/cordking.ca\/fr\/products\/series-m-fendeuses-bois-chauffage\/\"><img loading=\"lazy\" decoding=\"async\" class=\"aligncenter size-full wp-image-63\" title=\"Bar Saw M-Series\" src=\"\/wp-content\/uploads\/2016\/12\/product-thumbnails-m-series.jpg\" alt=\"Bar Saw M-Series\" width=\"576\" height=\"300\" \/>Voyez nos mod\u00e8les<\/a><\/p>\n<h2 style=\"text-align: center;\"><a href=\"\/\/cordking.ca\/fr\/products\/series-m-fendeuses-bois-chauffage\/\">M-Series<\/a><\/h2>\n<p style=\"text-align: center;\">Machines compactes, portables, munies d\u2019une scie \u00e0 cha\u00eene pour s\u2019acquitter de diverses t\u00e2ches.<\/p>\n<\/div><\/div>\n<div class=\"su-column su-column-size-1-2\"><div class=\"su-column-inner su-u-clearfix su-u-trim\">\n<p><a class=\"cat_prod_hover\" href=\"\/\/cordking.ca\/fr\/products\/series-cs-modeles-scie-circulaire\/\"><img loading=\"lazy\" decoding=\"async\" class=\"aligncenter size-full wp-image-64\" title=\"Circular Saw CS-Series\" src=\"\/wp-content\/uploads\/2016\/12\/product-thumbnails-cs-series.jpg\" alt=\"Circular Saw CS-Series\" width=\"576\" height=\"300\" \/>Voyez nos mod\u00e8les<\/a><\/p>\n<h2 style=\"text-align: center;\"><a class=\"cat_prod_hover\" href=\"\/\/cordking.ca\/fr\/products\/series-cs-modeles-scie-circulaire\/\">CS-Series<\/a><\/h2>\n<p style=\"text-align: center;\">Robustes fendeuses de bois de chauffage op\u00e9r\u00e9es en cabine avec scie circulaire pour productivit\u00e9 maximale.<\/p>\n<\/div><\/div><\/div>\n<div class=\"su-row\"><div class=\"su-column su-column-size-1-2\"><div class=\"su-column-inner su-u-clearfix su-u-trim\">\n<p><a class=\"cat_prod_hover\" href=\"\/\/cordking.ca\/fr\/product\/cord-king-monster-splitter\/\"><img loading=\"lazy\" decoding=\"async\" class=\"aligncenter size-full wp-image-65\" title=\"Monster Splitter\" src=\"\/wp-content\/uploads\/2016\/12\/product-thumbnails-monster-splitter.jpg\" alt=\"Monster Splitter\" width=\"576\" height=\"300\" \/>Savoir plus<\/a><\/p>\n<h2 style=\"text-align: center;\"><a class=\"cat_prod_hover\" href=\"\/\/cordking.ca\/fr\/product\/cord-king-monster-splitter\/\">Monster Splitter<\/a><\/h2>\n<p style=\"text-align: center;\"><span style=\"font-weight: 400;\">Pour les plus grandes b\u00fbches, le \u00abMonster Splitter\u00bb coupe facilement des billes de jusqu\u2019\u00e0 84 pouces de diam\u00e8tre et 16 pieds de long en pi\u00e8ces plus g\u00e9rables.<\/span><\/p>\n<\/div><\/div>\n<div class=\"su-column su-column-size-1-2\"><div class=\"su-column-inner su-u-clearfix su-u-trim\">\n<p><a class=\"cat_prod_hover\" href=\"\/\/cordking.ca\/fr\/product\/fendeuse-entrainee-prise-de-force-pto\/\"><img loading=\"lazy\" decoding=\"async\" class=\"aligncenter size-full wp-image-66\" title=\"PTO-Driven Processors\" src=\"\/wp-content\/uploads\/2016\/12\/product-thumbnails-pto.jpg\" alt=\"PTO-Driven Processors\" width=\"576\" height=\"300\" \/>Savoir plus<\/a><\/p>\n<h2 style=\"text-align: center;\"><a class=\"cat_prod_hover\" href=\"\/\/cordking.ca\/fr\/product\/fendeuse-entrainee-prise-de-force-pto\/\">FENDEUSE ENTRA\u00ceN\u00c9E PAR PRISE DE FORCE (PTO)<\/a><\/h2>\n<p style=\"text-align: center;\"><span style=\"font-weight: 400;\">Il suffit d&rsquo;attacher la prise de force (PTO) \u00e0 votre source d&rsquo;alimentation et d&rsquo;utiliser votre fendeuse de bois de chauffage comme d&rsquo;habitude.<\/span><\/p>\n<\/div><\/div><\/div>\n<div class=\"su-row\"><div class=\"su-column su-column-size-1-2\"><div class=\"su-column-inner su-u-clearfix su-u-trim\">\n<p><a class=\"cat_prod_hover\" href=\"\/\/cordking.ca\/fr\/products\/accessoires-fendeuse-bois-chauffage\/\"><img loading=\"lazy\" decoding=\"async\" class=\"aligncenter size-full wp-image-65\" title=\"Add-Ons And Accessories\" src=\"\/wp-content\/uploads\/2016\/12\/product-thumbnails-accessories.jpg\" alt=\"Add-Ons And Accessories\" width=\"576\" height=\"300\" \/>Explorez<br \/>\nles accessoires<\/a><\/p>\n<h2 style=\"text-align: center;\"><a href=\"\/\/cordking.ca\/fr\/products\/accessoires-fendeuse-bois-chauffage\/\">Accessoires<\/a><\/h2>\n<p style=\"text-align: center;\">D\u00e9couvrez les accessoires disponibles pour personnaliser votre machine CORD KING.<\/p>\n<\/div><\/div>\n<div class=\"su-column su-column-size-1-2\"><div class=\"su-column-inner su-u-clearfix su-u-trim\">\n<p><a class=\"cat_prod_hover\" href=\"\/\/cordking.ca\/fr\/products\/pieces\/\"><img loading=\"lazy\" decoding=\"async\" class=\"aligncenter size-full wp-image-66\" title=\"Parts\" src=\"\/wp-content\/uploads\/2016\/12\/product-thumbnails-parts.jpg\" alt=\"Parts\" width=\"576\" height=\"300\" \/>Savoir plus<\/a><\/p>\n<h2 style=\"text-align: center;\"><a class=\"cat_prod_hover\" href=\"\/\/cordking.ca\/fr\/products\/pieces\/\">Pi\u00e8ces<\/a><\/h2>\n<p style=\"text-align: center;\">Nous fournissons des pi\u00e8ces de rechange pour toutes nos fendeuses de bois de chauffage. Chaque composant est fabriqu\u00e9 sur place selon les sp\u00e9cifications.<\/p>\n<\/div><\/div><\/div>\n","protected":false},"excerpt":{"rendered":"Voyez nos mod\u00e8les M-Series Machines compactes, portables, munies d\u2019une scie \u00e0 cha\u00eene pour s\u2019acquitter de diverses t\u00e2ches. Voyez nos mod\u00e8les CS-Series Robustes fendeuses de bois de chauffage op\u00e9r\u00e9es en cabine avec scie circulaire pour productivit\u00e9 maximale. Savoir plus Monster Splitter Pour les plus [...]","protected":false},"author":25,"featured_media":0,"parent":0,"menu_order":0,"comment_status":"closed","ping_status":"closed","template":"","meta":{"_acf_changed":false,"footnotes":""},"class_list":["post-1036","page","type-page","status-publish","hentry"],"acf":[],"yoast_head":"<!-- This site is optimized with the Yoast SEO plugin v27.3 - https:\/\/yoast.com\/product\/yoast-seo-wordpress\/ -->\n<title>Produits de traitement de bois de chauffage | Cord King<\/title>\n<meta name=\"description\" content=\"En savoir plus sur nos produits de traitement de bois de chauffage, nos accessoires optionnels, et nos pi\u00e8ces de remplacement.\" \/>\n<meta name=\"robots\" content=\"index, follow, max-snippet:-1, max-image-preview:large, max-video-preview:-1\" \/>\n<link rel=\"canonical\" href=\"https:\/\/cordking.ca\/fr\/produits\/\" \/>\n<meta property=\"og:locale\" content=\"fr_CA\" \/>\n<meta property=\"og:type\" content=\"article\" \/>\n<meta property=\"og:title\" content=\"Produits de traitement de bois de chauffage | Cord King\" \/>\n<meta property=\"og:description\" content=\"En savoir plus sur nos produits de traitement de bois de chauffage, nos accessoires optionnels, et nos pi\u00e8ces de remplacement.\" \/>\n<meta property=\"og:url\" content=\"https:\/\/cordking.ca\/fr\/produits\/\" \/>\n<meta property=\"og:site_name\" content=\"Cord King\" \/>\n<meta property=\"article:publisher\" content=\"https:\/\/www.facebook.com\/Cord-King-Canada-1842609599315117\/\" \/>\n<meta property=\"article:modified_time\" content=\"2017-11-22T22:01:08+00:00\" \/>\n<meta property=\"og:image\" content=\"https:\/\/cordking.ca\/wp-content\/uploads\/2016\/12\/product-thumbnails-m-series.jpg\" \/>\n<meta name=\"twitter:card\" content=\"summary_large_image\" \/>\n<meta name=\"twitter:label1\" content=\"Estimation du temps de lecture\" \/>\n\t<meta name=\"twitter:data1\" content=\"1 minute\" \/>\n<script type=\"application\/ld+json\" class=\"yoast-schema-graph\">{\"@context\":\"https:\\\/\\\/schema.org\",\"@graph\":[{\"@type\":\"WebPage\",\"@id\":\"https:\\\/\\\/cordking.ca\\\/fr\\\/produits\\\/\",\"url\":\"https:\\\/\\\/cordking.ca\\\/fr\\\/produits\\\/\",\"name\":\"Produits de traitement de bois de chauffage | Cord King\",\"isPartOf\":{\"@id\":\"https:\\\/\\\/cordking.ca\\\/#website\"},\"datePublished\":\"2016-11-29T15:30:56+00:00\",\"dateModified\":\"2017-11-22T22:01:08+00:00\",\"description\":\"En savoir plus sur nos produits de traitement de bois de chauffage, nos accessoires optionnels, et nos pi\u00e8ces de remplacement.\",\"breadcrumb\":{\"@id\":\"https:\\\/\\\/cordking.ca\\\/fr\\\/produits\\\/#breadcrumb\"},\"inLanguage\":\"fr-CA\",\"potentialAction\":[{\"@type\":\"ReadAction\",\"target\":[\"https:\\\/\\\/cordking.ca\\\/fr\\\/produits\\\/\"]}]},{\"@type\":\"BreadcrumbList\",\"@id\":\"https:\\\/\\\/cordking.ca\\\/fr\\\/produits\\\/#breadcrumb\",\"itemListElement\":[{\"@type\":\"ListItem\",\"position\":1,\"name\":\"Home\",\"item\":\"https:\\\/\\\/cordking.ca\\\/fr\\\/\"},{\"@type\":\"ListItem\",\"position\":2,\"name\":\"Produits\"}]},{\"@type\":\"WebSite\",\"@id\":\"https:\\\/\\\/cordking.ca\\\/#website\",\"url\":\"https:\\\/\\\/cordking.ca\\\/\",\"name\":\"Cord King\",\"description\":\"\",\"potentialAction\":[{\"@type\":\"SearchAction\",\"target\":{\"@type\":\"EntryPoint\",\"urlTemplate\":\"https:\\\/\\\/cordking.ca\\\/?s={search_term_string}\"},\"query-input\":{\"@type\":\"PropertyValueSpecification\",\"valueRequired\":true,\"valueName\":\"search_term_string\"}}],\"inLanguage\":\"fr-CA\"}]}<\/script>\n<!-- \/ Yoast SEO plugin. -->","yoast_head_json":{"title":"Produits de traitement de bois de chauffage | Cord King","description":"En savoir plus sur nos produits de traitement de bois de chauffage, nos accessoires optionnels, et nos pi\u00e8ces de remplacement.","robots":{"index":"index","follow":"follow","max-snippet":"max-snippet:-1","max-image-preview":"max-image-preview:large","max-video-preview":"max-video-preview:-1"},"canonical":"https:\/\/cordking.ca\/fr\/produits\/","og_locale":"fr_CA","og_type":"article","og_title":"Produits de traitement de bois de chauffage | Cord King","og_description":"En savoir plus sur nos produits de traitement de bois de chauffage, nos accessoires optionnels, et nos pi\u00e8ces de remplacement.","og_url":"https:\/\/cordking.ca\/fr\/produits\/","og_site_name":"Cord King","article_publisher":"https:\/\/www.facebook.com\/Cord-King-Canada-1842609599315117\/","article_modified_time":"2017-11-22T22:01:08+00:00","og_image":[{"url":"https:\/\/cordking.ca\/wp-content\/uploads\/2016\/12\/product-thumbnails-m-series.jpg","type":"","width":"","height":""}],"twitter_card":"summary_large_image","twitter_misc":{"Estimation du temps de lecture":"1 minute"},"schema":{"@context":"https:\/\/schema.org","@graph":[{"@type":"WebPage","@id":"https:\/\/cordking.ca\/fr\/produits\/","url":"https:\/\/cordking.ca\/fr\/produits\/","name":"Produits de traitement de bois de chauffage | Cord King","isPartOf":{"@id":"https:\/\/cordking.ca\/#website"},"datePublished":"2016-11-29T15:30:56+00:00","dateModified":"2017-11-22T22:01:08+00:00","description":"En savoir plus sur nos produits de traitement de bois de chauffage, nos accessoires optionnels, et nos pi\u00e8ces de remplacement.","breadcrumb":{"@id":"https:\/\/cordking.ca\/fr\/produits\/#breadcrumb"},"inLanguage":"fr-CA","potentialAction":[{"@type":"ReadAction","target":["https:\/\/cordking.ca\/fr\/produits\/"]}]},{"@type":"BreadcrumbList","@id":"https:\/\/cordking.ca\/fr\/produits\/#breadcrumb","itemListElement":[{"@type":"ListItem","position":1,"name":"Home","item":"https:\/\/cordking.ca\/fr\/"},{"@type":"ListItem","position":2,"name":"Produits"}]},{"@type":"WebSite","@id":"https:\/\/cordking.ca\/#website","url":"https:\/\/cordking.ca\/","name":"Cord King","description":"","potentialAction":[{"@type":"SearchAction","target":{"@type":"EntryPoint","urlTemplate":"https:\/\/cordking.ca\/?s={search_term_string}"},"query-input":{"@type":"PropertyValueSpecification","valueRequired":true,"valueName":"search_term_string"}}],"inLanguage":"fr-CA"}]}},"_links":{"self":[{"href":"https:\/\/cordking.ca\/fr\/wp-json\/wp\/v2\/pages\/1036","targetHints":{"allow":["GET"]}}],"collection":[{"href":"https:\/\/cordking.ca\/fr\/wp-json\/wp\/v2\/pages"}],"about":[{"href":"https:\/\/cordking.ca\/fr\/wp-json\/wp\/v2\/types\/page"}],"author":[{"embeddable":true,"href":"https:\/\/cordking.ca\/fr\/wp-json\/wp\/v2\/users\/25"}],"replies":[{"embeddable":true,"href":"https:\/\/cordking.ca\/fr\/wp-json\/wp\/v2\/comments?post=1036"}],"version-history":[{"count":5,"href":"https:\/\/cordking.ca\/fr\/wp-json\/wp\/v2\/pages\/1036\/revisions"}],"predecessor-version":[{"id":2100,"href":"https:\/\/cordking.ca\/fr\/wp-json\/wp\/v2\/pages\/1036\/revisions\/2100"}],"wp:attachment":[{"href":"https:\/\/cordking.ca\/fr\/wp-json\/wp\/v2\/media?parent=1036"}],"curies":[{"name":"wp","href":"https:\/\/api.w.org\/{rel}","templated":true}]}}