{"id":1023,"date":"2016-11-29T10:31:34","date_gmt":"2016-11-29T15:31:34","guid":{"rendered":"https:\/\/cordking.ca\/about-cord-king-firewood-processor\/"},"modified":"2017-11-22T16:53:24","modified_gmt":"2017-11-22T21:53:24","slug":"a-propos","status":"publish","type":"page","link":"https:\/\/cordking.ca\/fr\/a-propos\/","title":{"rendered":"\u00c0 propos"},"content":{"rendered":"<h2 style=\"font-size: 38px;\">Apprenez \u00e0 conna\u00eetre la premi\u00e8re fendeuse de bois de chauffage commerciale en Am\u00e9rique du Nord<\/h2>\n<div class=\"su-row\">\n<div class=\"su-column su-column-size-2-3\"><div class=\"su-column-inner su-u-clearfix su-u-trim\">\n<p>La fendeuse de bois de chauffage Cord King fut invent\u00e9e en 1974 par le fondateur et ing\u00e9nieur en chef de la compagnie, Bob Hanson. En 1978, il avait construit la premi\u00e8re fendeuse de bois de chauffage commercial en Am\u00e9rique du Nord. \u00c9tablie \u00e0 Perth, en Ontario, au Canada, Cord King fut le produit de la passion de Bob pour l\u2019excellence en g\u00e9nie et le besoin d\u2019une machine \u00e0 la fois facile \u00e0 utiliser et \u00e0 rendement fiable.<\/p>\n<p>Maintenant, quarante ans plus tard, de ses humbles origines Cord King est devenue un leader de l\u2019industrie et un fabricant tr\u00e8s respect\u00e9 de fendeuses de bois de chauffage.<\/p>\n<p>Comptant la moiti\u00e9 moins de pi\u00e8ces mobiles que les autres fendeuses de bois de chauffage sur le march\u00e9, une fendeuse de bois de chauffage Cord King requiert une fraction de l\u2019entretien de ses concurrentes, ce qui vous donne plus de temps en production. Nos machines conservent leur valeur pendant des ann\u00e9es gr\u00e2ce \u00e0 la robustesse de leur construction.<\/p>\n<p>Les plus de 20 000 machines construites par Cord King sont maintenant utilis\u00e9es dans plus de 16 pays du monde. Cord\u00a0 King a fait sa marque en fournissant une machine conviviale et novatrice capable de produire au moins 4 pleines cordes de bois par heure. La quantit\u00e9 produite va en augmentant!<\/p>\n<a href=\"\/\/cordking.ca\/cord-king-story\/\" class=\"su-button su-button-style-flat\" style=\"color:#000000;background-color:#ffaf18;border-color:#cc8c14;border-radius:0px\" target=\"_self\"><span style=\"color:#000000;padding:0px 26px;font-size:20px;line-height:40px;border-color:#ffc75e;border-radius:0px;text-shadow:none\"> NOTRE HISTOIRE<\/span><\/a>\n<\/div><\/div>\n<div class=\"su-column su-column-size-1-3\"><div class=\"su-column-inner su-u-clearfix su-u-trim\">\n<a href=\"\/\/impekacdn.s3.us-east-2.amazonaws.com\/cordking.ca\/wp-content\/uploads\/2016\/11\/05000240\/cs_series-bg.jpg\"><img loading=\"lazy\" decoding=\"async\" class=\"aligncenter wp-image-64 size-full\" title=\"Commercial Firewood Processor\" src=\"\/\/impekacdn.s3.us-east-2.amazonaws.com\/cordking.ca\/wp-content\/uploads\/2016\/11\/05000240\/cs_series-bg.jpg\" alt=\"Commercial Firewood Processor\" width=\"800\" height=\"600\" srcset=\"https:\/\/impekacdn.s3.us-east-2.amazonaws.com\/cordking.ca\/wp-content\/uploads\/2016\/11\/05000240\/cs_series-bg.jpg 800w, https:\/\/impekacdn.s3.us-east-2.amazonaws.com\/cordking.ca\/wp-content\/uploads\/2016\/11\/05000240\/cs_series-bg.jpg 300w, https:\/\/impekacdn.s3.us-east-2.amazonaws.com\/cordking.ca\/wp-content\/uploads\/2016\/11\/05000240\/cs_series-bg.jpg 768w\" sizes=\"auto, (max-width: 800px) 100vw, 800px\" \/><\/a>\n<\/div><\/div>\n<\/div>\n<div class=\"su-row\">\n<div class=\"su-column su-column-size-1-2\"><div class=\"su-column-inner su-u-clearfix su-u-trim\">\n<h2 style=\"font-size: 38px;\">Tout commence avec le client<\/h2>\n<p>L\u2019assortiment de mod\u00e8les \u00e0 scie circulaire pleine grandeur et de mod\u00e8les \u00e0 scie \u00e0 cha\u00eene fait que, quand vous choisissez un produit Cord King, vous choisissez un produit sur lequel vous pouvez compter pour faire l\u2019ouvrage. \u00a0Chez Cord King, tout commence avec le client : nous croyons que chaque machine devrait r\u00e9pondre sp\u00e9cifiquement \u00e0 vos besoins. C\u2019est pourquoi nous sommes fiers d\u2019offrir des fendeuses de bois de chauffage construites sur mesure et enti\u00e8rement personnalisables de fa\u00e7on \u00e0 ce que vous puissiez faire le travail en un rien de temps.<\/p>\n<\/div><\/div>\n<div class=\"su-column su-column-size-1-2\"><div class=\"su-column-inner su-u-clearfix su-u-trim\">\n<h2 style=\"font-size: 38px;\">Construction sur mesure<\/h2>\n<p>Nous ne commen\u00e7ons pas le travail avec des composants pi\u00e8ces fabriqu\u00e9s en usine \u2013 nous achetons la mati\u00e8re premi\u00e8re et en construisons votre machine. Quand vous achetez une fendeuse de Cord King, vous obtenez un produit construit exactement en r\u00e9ponse \u00e0 vos besoins et sp\u00e9cification. Depuis les coussinets, et r\u00e9servoirs d\u2019essence, aux cabines et commandes, nous construisons chaque composant sur place. Nous pouvons ainsi avoir des pi\u00e8ces pr\u00eates pour vous le jour o\u00f9 vous les commandez \u2013 pas besoin d\u2019attendre vos pi\u00e8ces de rechange pendant des semaines \u2013 vous pouvez reprendre le travail le plus t\u00f4t possible.<\/p>\n<\/div><\/div>\n<\/div>\n<p style=\"text-align: center;\"><a href=\"\/\/cordking.ca\/build-my-processor\/\" class=\"su-button su-button-style-flat\" style=\"color:#000000;background-color:#ffaf18;border-color:#cc8c14;border-radius:0px\" target=\"_self\"><span style=\"color:#000000;padding:0px 34px;font-size:25px;line-height:50px;border-color:#ffc75e;border-radius:0px;text-shadow:none\"> CONSTRUISEZ VOTRE CORD KING AUJOURD&rsquo;HUI<\/span><\/a>\n<h2 style=\"font-size: 38px;\">Le processus de fabrication<\/h2>\n\n","protected":false},"excerpt":{"rendered":"<p>Apprenez \u00e0 conna\u00eetre la premi\u00e8re fendeuse de bois de chauffage commerciale en Am\u00e9rique du Nord Le processus de fabrication<\/p>\n","protected":false},"author":25,"featured_media":0,"parent":0,"menu_order":0,"comment_status":"closed","ping_status":"closed","template":"","meta":{"_acf_changed":false,"footnotes":""},"class_list":["post-1023","page","type-page","status-publish","hentry"],"acf":[],"yoast_head":"<!-- This site is optimized with the Yoast SEO plugin v27.3 - https:\/\/yoast.com\/product\/yoast-seo-wordpress\/ -->\n<title>\u00c0 propos de la fendeuse de bois de chauffage Cord King | Cord King<\/title>\n<meta name=\"description\" content=\"D\u00e9couvrez davantage \u00e0 propos de la fendeuse de bois de chauffage commercial Cord King et l&#039;histoire de cette compagnie.\" \/>\n<meta name=\"robots\" content=\"index, follow, max-snippet:-1, max-image-preview:large, max-video-preview:-1\" \/>\n<link rel=\"canonical\" href=\"https:\/\/cordking.ca\/fr\/a-propos\/\" \/>\n<meta property=\"og:locale\" content=\"fr_CA\" \/>\n<meta property=\"og:type\" content=\"article\" \/>\n<meta property=\"og:title\" content=\"\u00c0 propos de la fendeuse de bois de chauffage Cord King | Cord King\" \/>\n<meta property=\"og:description\" content=\"D\u00e9couvrez davantage \u00e0 propos de la fendeuse de bois de chauffage commercial Cord King et l&#039;histoire de cette compagnie.\" \/>\n<meta property=\"og:url\" content=\"https:\/\/cordking.ca\/fr\/a-propos\/\" \/>\n<meta property=\"og:site_name\" content=\"Cord King\" \/>\n<meta property=\"article:publisher\" content=\"https:\/\/www.facebook.com\/Cord-King-Canada-1842609599315117\/\" \/>\n<meta property=\"article:modified_time\" content=\"2017-11-22T21:53:24+00:00\" \/>\n<meta property=\"og:image\" content=\"https:\/\/cordking.ca\/wp-content\/uploads\/2016\/12\/cord-king-manufacturing-1-150x150.jpg\" \/>\n<meta name=\"twitter:card\" content=\"summary_large_image\" \/>\n<meta name=\"twitter:label1\" content=\"Estimation du temps de lecture\" \/>\n\t<meta name=\"twitter:data1\" content=\"3 minutes\" \/>\n<script type=\"application\/ld+json\" class=\"yoast-schema-graph\">{\"@context\":\"https:\\\/\\\/schema.org\",\"@graph\":[{\"@type\":\"WebPage\",\"@id\":\"https:\\\/\\\/cordking.ca\\\/fr\\\/a-propos\\\/\",\"url\":\"https:\\\/\\\/cordking.ca\\\/fr\\\/a-propos\\\/\",\"name\":\"\u00c0 propos de la fendeuse de bois de chauffage Cord King | Cord King\",\"isPartOf\":{\"@id\":\"https:\\\/\\\/cordking.ca\\\/#website\"},\"datePublished\":\"2016-11-29T15:31:34+00:00\",\"dateModified\":\"2017-11-22T21:53:24+00:00\",\"description\":\"D\u00e9couvrez davantage \u00e0 propos de la fendeuse de bois de chauffage commercial Cord King et l'histoire de cette compagnie.\",\"breadcrumb\":{\"@id\":\"https:\\\/\\\/cordking.ca\\\/fr\\\/a-propos\\\/#breadcrumb\"},\"inLanguage\":\"fr-CA\",\"potentialAction\":[{\"@type\":\"ReadAction\",\"target\":[\"https:\\\/\\\/cordking.ca\\\/fr\\\/a-propos\\\/\"]}]},{\"@type\":\"BreadcrumbList\",\"@id\":\"https:\\\/\\\/cordking.ca\\\/fr\\\/a-propos\\\/#breadcrumb\",\"itemListElement\":[{\"@type\":\"ListItem\",\"position\":1,\"name\":\"Home\",\"item\":\"https:\\\/\\\/cordking.ca\\\/fr\\\/\"},{\"@type\":\"ListItem\",\"position\":2,\"name\":\"\u00c0 propos\"}]},{\"@type\":\"WebSite\",\"@id\":\"https:\\\/\\\/cordking.ca\\\/#website\",\"url\":\"https:\\\/\\\/cordking.ca\\\/\",\"name\":\"Cord King\",\"description\":\"\",\"potentialAction\":[{\"@type\":\"SearchAction\",\"target\":{\"@type\":\"EntryPoint\",\"urlTemplate\":\"https:\\\/\\\/cordking.ca\\\/?s={search_term_string}\"},\"query-input\":{\"@type\":\"PropertyValueSpecification\",\"valueRequired\":true,\"valueName\":\"search_term_string\"}}],\"inLanguage\":\"fr-CA\"}]}<\/script>\n<!-- \/ Yoast SEO plugin. -->","yoast_head_json":{"title":"\u00c0 propos de la fendeuse de bois de chauffage Cord King | Cord King","description":"D\u00e9couvrez davantage \u00e0 propos de la fendeuse de bois de chauffage commercial Cord King et l'histoire de cette compagnie.","robots":{"index":"index","follow":"follow","max-snippet":"max-snippet:-1","max-image-preview":"max-image-preview:large","max-video-preview":"max-video-preview:-1"},"canonical":"https:\/\/cordking.ca\/fr\/a-propos\/","og_locale":"fr_CA","og_type":"article","og_title":"\u00c0 propos de la fendeuse de bois de chauffage Cord King | Cord King","og_description":"D\u00e9couvrez davantage \u00e0 propos de la fendeuse de bois de chauffage commercial Cord King et l'histoire de cette compagnie.","og_url":"https:\/\/cordking.ca\/fr\/a-propos\/","og_site_name":"Cord King","article_publisher":"https:\/\/www.facebook.com\/Cord-King-Canada-1842609599315117\/","article_modified_time":"2017-11-22T21:53:24+00:00","og_image":[{"url":"https:\/\/cordking.ca\/wp-content\/uploads\/2016\/12\/cord-king-manufacturing-1-150x150.jpg","type":"","width":"","height":""}],"twitter_card":"summary_large_image","twitter_misc":{"Estimation du temps de lecture":"3 minutes"},"schema":{"@context":"https:\/\/schema.org","@graph":[{"@type":"WebPage","@id":"https:\/\/cordking.ca\/fr\/a-propos\/","url":"https:\/\/cordking.ca\/fr\/a-propos\/","name":"\u00c0 propos de la fendeuse de bois de chauffage Cord King | Cord King","isPartOf":{"@id":"https:\/\/cordking.ca\/#website"},"datePublished":"2016-11-29T15:31:34+00:00","dateModified":"2017-11-22T21:53:24+00:00","description":"D\u00e9couvrez davantage \u00e0 propos de la fendeuse de bois de chauffage commercial Cord King et l'histoire de cette compagnie.","breadcrumb":{"@id":"https:\/\/cordking.ca\/fr\/a-propos\/#breadcrumb"},"inLanguage":"fr-CA","potentialAction":[{"@type":"ReadAction","target":["https:\/\/cordking.ca\/fr\/a-propos\/"]}]},{"@type":"BreadcrumbList","@id":"https:\/\/cordking.ca\/fr\/a-propos\/#breadcrumb","itemListElement":[{"@type":"ListItem","position":1,"name":"Home","item":"https:\/\/cordking.ca\/fr\/"},{"@type":"ListItem","position":2,"name":"\u00c0 propos"}]},{"@type":"WebSite","@id":"https:\/\/cordking.ca\/#website","url":"https:\/\/cordking.ca\/","name":"Cord King","description":"","potentialAction":[{"@type":"SearchAction","target":{"@type":"EntryPoint","urlTemplate":"https:\/\/cordking.ca\/?s={search_term_string}"},"query-input":{"@type":"PropertyValueSpecification","valueRequired":true,"valueName":"search_term_string"}}],"inLanguage":"fr-CA"}]}},"_links":{"self":[{"href":"https:\/\/cordking.ca\/fr\/wp-json\/wp\/v2\/pages\/1023","targetHints":{"allow":["GET"]}}],"collection":[{"href":"https:\/\/cordking.ca\/fr\/wp-json\/wp\/v2\/pages"}],"about":[{"href":"https:\/\/cordking.ca\/fr\/wp-json\/wp\/v2\/types\/page"}],"author":[{"embeddable":true,"href":"https:\/\/cordking.ca\/fr\/wp-json\/wp\/v2\/users\/25"}],"replies":[{"embeddable":true,"href":"https:\/\/cordking.ca\/fr\/wp-json\/wp\/v2\/comments?post=1023"}],"version-history":[{"count":4,"href":"https:\/\/cordking.ca\/fr\/wp-json\/wp\/v2\/pages\/1023\/revisions"}],"predecessor-version":[{"id":2095,"href":"https:\/\/cordking.ca\/fr\/wp-json\/wp\/v2\/pages\/1023\/revisions\/2095"}],"wp:attachment":[{"href":"https:\/\/cordking.ca\/fr\/wp-json\/wp\/v2\/media?parent=1023"}],"curies":[{"name":"wp","href":"https:\/\/api.w.org\/{rel}","templated":true}]}}